{"id":719,"date":"2019-12-24T17:28:19","date_gmt":"2019-12-24T17:28:19","guid":{"rendered":"http:\/\/toursgreenlife.com\/es\/?page_id=719"},"modified":"2019-12-31T21:07:47","modified_gmt":"2019-12-31T21:07:47","slug":"todos-los-tours","status":"publish","type":"page","link":"https:\/\/toursgreenlife.com\/es\/todos-los-tours\/","title":{"rendered":"todos los tours"},"content":{"rendered":"<p>[et_pb_section fb_built=\u00bb1&#8243; fullwidth=\u00bbon\u00bb _builder_version=\u00bb4.0.7&#8243;][et_pb_fullwidth_code admin_label=\u00bbC\u00f3digo de anchura completa\u00bb _builder_version=\u00bb4.0.9&#8243; custom_margin=\u00bb0px||0px||false|false\u00bb custom_padding=\u00bb0px||0px||false|false\u00bb custom_css_main_element=\u00bbheight: 0;\u00bb global_module=\u00bb415&#8243; saved_tabs=\u00bball\u00bb]<\/p>\n<div class=\"barraLink\"><!-- [et_pb_line_break_holder] --> <a href=\"#about\"><!-- [et_pb_line_break_holder] --> <span class=\"negrita\">RESERVA YA.<\/span><!-- [et_pb_line_break_holder] --> <\/a><!-- [et_pb_line_break_holder] --><\/div>\n<p><!-- [et_pb_line_break_holder] -->[\/et_pb_fullwidth_code][\/et_pb_section][et_pb_section fb_built=\u00bb1&#8243; _builder_version=\u00bb4.0.6&#8243; background_color=\u00bb#edeef0&#8243; custom_margin=\u00bb0px||||false|false\u00bb border_color_top=\u00bb#ffffff\u00bb][et_pb_row _builder_version=\u00bb4.0.6&#8243; custom_margin=\u00bb|auto|50px|auto|false|false\u00bb][et_pb_column type=\u00bb4_4&#8243; _builder_version=\u00bb4.0.6&#8243;][et_pb_text _builder_version=\u00bb4.0.9&#8243; text_font_size=\u00bb18px\u00bb text_line_height=\u00bb1.8em\u00bb header_text_color=\u00bb#80ae1d\u00bb]<\/p>\n<h1 class=\"p1\" style=\"text-align: center;\"><b>TOURS<\/b><\/h1>\n<p is=\"qowt-word-para\" qowt-lvl=\"undefined\" qowt-entry=\"undefined\" qowt-eid=\"E291\" id=\"E291\" style=\"text-align: center;\"><span is=\"qowt-word-run\" qowt-eid=\"E344\" id=\"E344\" class=\"qowt-font1-Calibri qowt-stl-ts-alignment-element\"><\/span><\/p>\n<p>[\/et_pb_text][\/et_pb_column][\/et_pb_row][et_pb_row column_structure=\u00bb1_2,1_2&#8243; _builder_version=\u00bb4.0.6&#8243; custom_margin=\u00bb||-3px||false|false\u00bb][et_pb_column type=\u00bb1_2&#8243; _builder_version=\u00bb4.0.6&#8243;][et_pb_image src=\u00bbhttp:\/\/toursgreenlife.com\/es\/wp-content\/uploads\/2019\/12\/aventura-1.png\u00bb url=\u00bb@ET-DC@eyJkeW5hbWljIjp0cnVlLCJjb250ZW50IjoicG9zdF9saW5rX3VybF9wYWdlIiwic2V0dGluZ3MiOnsicG9zdF9pZCI6IjEyOCJ9fQ==@\u00bb align=\u00bbcenter\u00bb src_last_edited=\u00bboff|desktop\u00bb _builder_version=\u00bb4.0.9&#8243; _dynamic_attributes=\u00bburl\u00bb src__hover_enabled=\u00bbon|hover\u00bb src__hover=\u00bbhttp:\/\/toursgreenlife.com\/es\/wp-content\/uploads\/2019\/12\/aventura-hover-1.png\u00bb][\/et_pb_image][et_pb_text _builder_version=\u00bb4.0.7&#8243; header_font=\u00bbRaleway||||||||\u00bb]<\/p>\n<h3 class=\"p1\" style=\"text-align: center;\"><strong>TOURS DE AVENTURA<\/strong><\/h3>\n<p>[\/et_pb_text][et_pb_text _builder_version=\u00bb4.0.9&#8243; text_font=\u00bbRaleway||||||||\u00bb header_font=\u00bbRaleway||||||||\u00bb]<\/p>\n<p is=\"qowt-word-para\" qowt-lvl=\"undefined\" qowt-entry=\"undefined\" qowt-eid=\"E624\" id=\"E624\" style=\"text-align: center;\"><span is=\"qowt-word-run\" qowt-eid=\"E625\" id=\"E625\" class=\"qowt-font1-Calibri\">Disfrute de un d\u00eda de aventura y adrenalina con su familia o grupo de amigos en un tour privado alrededor de volcanes, r\u00edos de aguas limpias, <\/span><span is=\"qowt-word-run\" qowt-eid=\"E626\" id=\"E626\" class=\"qowt-font1-Calibri\">extensas <\/span><span is=\"qowt-word-run\" qowt-eid=\"E627\" id=\"E627\" class=\"qowt-font1-Calibri\">sabanas, rodeados de exuberante naturaleza, donde el sol ofrece espectaculares atardeceres y c\u00e1lidas temperaturas.<\/span><\/p>\n<p>[\/et_pb_text][\/et_pb_column][et_pb_column type=\u00bb1_2&#8243; _builder_version=\u00bb4.0.6&#8243;][et_pb_image src=\u00bbhttp:\/\/toursgreenlife.com\/es\/wp-content\/uploads\/2019\/12\/relax.png\u00bb url=\u00bb@ET-DC@eyJkeW5hbWljIjp0cnVlLCJjb250ZW50IjoicG9zdF9saW5rX3VybF9wYWdlIiwic2V0dGluZ3MiOnsicG9zdF9pZCI6IjUyOSJ9fQ==@\u00bb align=\u00bbcenter\u00bb _builder_version=\u00bb4.0.7&#8243; _dynamic_attributes=\u00bburl\u00bb src__hover_enabled=\u00bbon|desktop\u00bb src__hover=\u00bbhttp:\/\/toursgreenlife.com\/es\/wp-content\/uploads\/2019\/12\/relax-hover.png\u00bb][\/et_pb_image][et_pb_text _builder_version=\u00bb4.0.9&#8243; header_font=\u00bbRaleway||||||||\u00bb hover_enabled=\u00bb0&#8243;]<\/p>\n<h3 class=\"p1\" style=\"text-align: center;\"><b>TOURS DE RELAJACI\u00d3N<\/b><\/h3>\n<p>[\/et_pb_text][et_pb_text _builder_version=\u00bb4.0.9&#8243; text_font=\u00bbRaleway||||||||\u00bb header_font=\u00bbRaleway||||||||\u00bb]<\/p>\n<p is=\"qowt-word-para\" qowt-lvl=\"undefined\" qowt-entry=\"undefined\" qowt-eid=\"E624\" id=\"E624\" style=\"text-align: center;\"><span is=\"qowt-word-run\" qowt-eid=\"E657\" id=\"E657\" class=\"qowt-font1-Calibri\">Nuestros<\/span><span is=\"qowt-word-run\" qowt-eid=\"E658\" id=\"E658\" class=\"qowt-font1-Calibri\"> viajes de senderismo le permitir\u00e1n experimentar todos los diferentes ecosistemas que tiene Costa Rica. Puede caminar a las cascadas, en algunas podr\u00e1 nadar, visitar parques nacionales, volcanes, visitar exuberantes bosques nubosos, caminar a trav\u00e9s &#8230;<\/span><\/p>\n<p>[\/et_pb_text][\/et_pb_column][\/et_pb_row][et_pb_row column_structure=\u00bb1_2,1_2&#8243; _builder_version=\u00bb4.0.9&#8243; custom_margin=\u00bb||-3px||false|false\u00bb custom_padding=\u00bb78px|||||\u00bb][et_pb_column type=\u00bb1_2&#8243; _builder_version=\u00bb4.0.6&#8243;][et_pb_image src=\u00bbhttp:\/\/toursgreenlife.com\/es\/wp-content\/uploads\/2019\/12\/mediodia.png\u00bb url=\u00bb@ET-DC@eyJkeW5hbWljIjp0cnVlLCJjb250ZW50IjoicG9zdF9saW5rX3VybF9wYWdlIiwic2V0dGluZ3MiOnsicG9zdF9pZCI6IjM3MSJ9fQ==@\u00bb align=\u00bbcenter\u00bb _builder_version=\u00bb4.0.7&#8243; _dynamic_attributes=\u00bburl\u00bb src__hover_enabled=\u00bbon|hover\u00bb src__hover=\u00bbhttp:\/\/toursgreenlife.com\/es\/wp-content\/uploads\/2019\/12\/medio-dia-hover.png\u00bb][\/et_pb_image][et_pb_text _builder_version=\u00bb4.0.7&#8243; header_font=\u00bbRaleway||||||||\u00bb]<\/p>\n<h3 class=\"p1\" style=\"text-align: center;\"><b>TOURS DE MEDIO DIA<\/b><\/h3>\n<p>[\/et_pb_text][et_pb_text _builder_version=\u00bb4.0.9&#8243; text_font=\u00bbRaleway||||||||\u00bb header_font=\u00bbRaleway||||||||\u00bb]<\/p>\n<p is=\"qowt-word-para\" qowt-lvl=\"undefined\" qowt-entry=\"undefined\" qowt-eid=\"E624\" id=\"E624\" style=\"text-align: center;\"><span is=\"qowt-word-run\" qowt-eid=\"E685\" id=\"E685\" class=\"qowt-font1-Calibri\">tomar un ba\u00f1o de barro y relajarse en aguas termales volc\u00e1nicas, tomar un tratamiento de spa, practicar la pesca deportiva o simplemente pescar en nuestras costas, pasar el d\u00eda con una gran variedad de actividades mientras disfruta de un catamar\u00e1n, ver delfines, tortugas o <\/span><span is=\"qowt-word-run\" qowt-eid=\"E687\" id=\"E687\" class=\"qowt-font1-Calibri\">practicar<\/span><span is=\"qowt-word-run\" qowt-eid=\"E688\" id=\"E688\" class=\"qowt-font1-Calibri\"> <\/span><span is=\"qowt-word-run\" qowt-eid=\"E690\" id=\"E690\" class=\"qowt-font1-Calibri\">snorkeling<\/span><span is=\"qowt-word-run\" qowt-eid=\"E692\" id=\"E692\" class=\"qowt-font1-Calibri\">.<\/span><\/p>\n<p>[\/et_pb_text][\/et_pb_column][et_pb_column type=\u00bb1_2&#8243; _builder_version=\u00bb4.0.6&#8243;][et_pb_image src=\u00bbhttp:\/\/toursgreenlife.com\/es\/wp-content\/uploads\/2019\/12\/ecotur.png\u00bb url=\u00bb@ET-DC@eyJkeW5hbWljIjp0cnVlLCJjb250ZW50IjoicG9zdF9saW5rX3VybF9wYWdlIiwic2V0dGluZ3MiOnsicG9zdF9pZCI6IjM2OSJ9fQ==@\u00bb align=\u00bbcenter\u00bb _builder_version=\u00bb4.0.7&#8243; _dynamic_attributes=\u00bburl\u00bb src__hover_enabled=\u00bbon|hover\u00bb src__hover=\u00bbhttp:\/\/toursgreenlife.com\/es\/wp-content\/uploads\/2019\/12\/ecotur-hover.png\u00bb][\/et_pb_image][et_pb_text _builder_version=\u00bb4.0.7&#8243; header_font=\u00bbRaleway||||||||\u00bb]<\/p>\n<h3 class=\"p1\" style=\"text-align: center;\"><b>ECOTOURS &amp; PAQUETES CULTURALES<\/b><\/h3>\n<p>[\/et_pb_text][et_pb_text _builder_version=\u00bb4.0.9&#8243; text_font=\u00bbRaleway||||||||\u00bb header_font=\u00bbRaleway||||||||\u00bb]<\/p>\n<p is=\"qowt-word-para\" qowt-lvl=\"undefined\" qowt-entry=\"undefined\" qowt-eid=\"E624\" id=\"E624\" style=\"text-align: center;\"><span>Si usted est\u00e1 buscando algo m\u00e1s relajante le ofrecemos el tour privado ideal. No mucho pensar, no mucho caminar, s\u00f3lo momentos de relax haciendo sus actividades favoritas. Hay muchas maneras de experimentar y disfrutar de las bellezas de Costa Rica<\/span><\/p>\n<p>[\/et_pb_text][\/et_pb_column][\/et_pb_row][\/et_pb_section][et_pb_section fb_built=\u00bb1&#8243; module_id=\u00bbbottom-formulario\u00bb _builder_version=\u00bb4.0.7&#8243; background_color=\u00bb#3a3c41&#8243; custom_padding=\u00bb||17px|||\u00bb global_module=\u00bb75&#8243; saved_tabs=\u00bball\u00bb][et_pb_row column_structure=\u00bb1_2,1_2&#8243; use_custom_gutter=\u00bbon\u00bb _builder_version=\u00bb4.0.6&#8243; width=\u00bb78%\u00bb custom_margin=\u00bb||||false|false\u00bb][et_pb_column type=\u00bb1_2&#8243; _builder_version=\u00bb4.0.6&#8243;][et_pb_text _builder_version=\u00bb4.0.7&#8243; header_font=\u00bbRaleway|700|||||||\u00bb header_font_size=\u00bb42px\u00bb custom_margin=\u00bb||0px||false|false\u00bb]<\/p>\n<h1 class=\"p1\"><span style=\"color: #ffffff;\">Contactanos<\/span><\/h1>\n<p>[\/et_pb_text][et_pb_text _builder_version=\u00bb4.0.6&#8243; text_font=\u00bbRaleway||||||||\u00bb text_text_color=\u00bb#ffffff\u00bb text_font_size=\u00bb21px\u00bb]<\/p>\n<p>Si desea m\u00e1s informaci\u00f3n, complete este formulario.<br \/>Lo contactaremos lo antes posible.<br \/>Por favor complete todos los campos requeridos.<\/p>\n<p>[\/et_pb_text][et_pb_text _builder_version=\u00bb4.0.7&#8243; header_font=\u00bbRaleway|700|||||||\u00bb header_font_size=\u00bb42px\u00bb custom_margin=\u00bb||0px||false|false\u00bb]<\/p>\n<h1 style=\"text-align: right;\"><span style=\"color: #ffffff;\">Tel. +506 88153407<\/span><\/h1>\n<p>[\/et_pb_text][et_pb_text _builder_version=\u00bb4.0.9&#8243; header_font=\u00bbRaleway|700|||||||\u00bb header_font_size=\u00bb42px\u00bb custom_margin=\u00bb||0px||false|false\u00bb]<\/p>\n<h1 style=\"text-align: right;\"><span style=\"color: #ffffff;\">+506 83096616<\/span><\/h1>\n<p>[\/et_pb_text][\/et_pb_column][et_pb_column type=\u00bb1_2&#8243; _builder_version=\u00bb4.0.6&#8243;][et_pb_contact_form captcha=\u00bboff\u00bb _builder_version=\u00bb4.0.7&#8243; form_field_custom_padding=\u00bb8px||8px||false|false\u00bb custom_button=\u00bbon\u00bb button_text_color=\u00bb#ffffff\u00bb button_bg_color=\u00bb#80ae1d\u00bb button_border_width=\u00bb0px\u00bb][et_pb_contact_field field_id=\u00bbName\u00bb field_title=\u00bbNombre\u00bb fullwidth_field=\u00bbon\u00bb _builder_version=\u00bb4.0.6&#8243; form_field_text_color=\u00bb#727272&#8243; text_orientation=\u00bbleft\u00bb button_text_size__hover_enabled=\u00bboff\u00bb button_one_text_size__hover_enabled=\u00bboff\u00bb button_two_text_size__hover_enabled=\u00bboff\u00bb button_text_color__hover_enabled=\u00bboff\u00bb button_one_text_color__hover_enabled=\u00bboff\u00bb button_two_text_color__hover_enabled=\u00bboff\u00bb button_border_width__hover_enabled=\u00bboff\u00bb button_one_border_width__hover_enabled=\u00bboff\u00bb button_two_border_width__hover_enabled=\u00bboff\u00bb button_border_color__hover_enabled=\u00bboff\u00bb button_one_border_color__hover_enabled=\u00bboff\u00bb button_two_border_color__hover_enabled=\u00bboff\u00bb button_border_radius__hover_enabled=\u00bboff\u00bb button_one_border_radius__hover_enabled=\u00bboff\u00bb button_two_border_radius__hover_enabled=\u00bboff\u00bb button_letter_spacing__hover_enabled=\u00bboff\u00bb button_one_letter_spacing__hover_enabled=\u00bboff\u00bb button_two_letter_spacing__hover_enabled=\u00bboff\u00bb button_bg_color__hover_enabled=\u00bboff\u00bb button_one_bg_color__hover_enabled=\u00bboff\u00bb button_two_bg_color__hover_enabled=\u00bboff\u00bb][\/et_pb_contact_field][et_pb_contact_field field_id=\u00bbEmail\u00bb field_title=\u00bbDirecci\u00f3n de correo electr\u00f3nico\u00bb field_type=\u00bbemail\u00bb fullwidth_field=\u00bbon\u00bb _builder_version=\u00bb4.0.6&#8243; button_text_size__hover_enabled=\u00bboff\u00bb button_one_text_size__hover_enabled=\u00bboff\u00bb button_two_text_size__hover_enabled=\u00bboff\u00bb button_text_color__hover_enabled=\u00bboff\u00bb button_one_text_color__hover_enabled=\u00bboff\u00bb button_two_text_color__hover_enabled=\u00bboff\u00bb button_border_width__hover_enabled=\u00bboff\u00bb button_one_border_width__hover_enabled=\u00bboff\u00bb button_two_border_width__hover_enabled=\u00bboff\u00bb button_border_color__hover_enabled=\u00bboff\u00bb button_one_border_color__hover_enabled=\u00bboff\u00bb button_two_border_color__hover_enabled=\u00bboff\u00bb button_border_radius__hover_enabled=\u00bboff\u00bb button_one_border_radius__hover_enabled=\u00bboff\u00bb button_two_border_radius__hover_enabled=\u00bboff\u00bb button_letter_spacing__hover_enabled=\u00bboff\u00bb button_one_letter_spacing__hover_enabled=\u00bboff\u00bb button_two_letter_spacing__hover_enabled=\u00bboff\u00bb button_bg_color__hover_enabled=\u00bboff\u00bb button_one_bg_color__hover_enabled=\u00bboff\u00bb button_two_bg_color__hover_enabled=\u00bboff\u00bb][\/et_pb_contact_field][et_pb_contact_field field_id=\u00bbMessage\u00bb field_title=\u00bbMensaje\u00bb field_type=\u00bbtext\u00bb fullwidth_field=\u00bbon\u00bb _builder_version=\u00bb4.0.7&#8243; form_field_line_height=\u00bb1.4em\u00bb min_height=\u00bb122px\u00bb height=\u00bb124px\u00bb max_height=\u00bb121px\u00bb custom_css_after=\u00bbcontent:%22Al enviar este formulario, usted acepta nuestra pol\u00edtica de privacidad.%22;||color: #ffffff;||padding-top: 10px;\u00bb button_text_size__hover_enabled=\u00bboff\u00bb button_one_text_size__hover_enabled=\u00bboff\u00bb button_two_text_size__hover_enabled=\u00bboff\u00bb button_text_color__hover_enabled=\u00bboff\u00bb button_one_text_color__hover_enabled=\u00bboff\u00bb button_two_text_color__hover_enabled=\u00bboff\u00bb button_border_width__hover_enabled=\u00bboff\u00bb button_one_border_width__hover_enabled=\u00bboff\u00bb button_two_border_width__hover_enabled=\u00bboff\u00bb button_border_color__hover_enabled=\u00bboff\u00bb button_one_border_color__hover_enabled=\u00bboff\u00bb button_two_border_color__hover_enabled=\u00bboff\u00bb button_border_radius__hover_enabled=\u00bboff\u00bb button_one_border_radius__hover_enabled=\u00bboff\u00bb button_two_border_radius__hover_enabled=\u00bboff\u00bb button_letter_spacing__hover_enabled=\u00bboff\u00bb button_one_letter_spacing__hover_enabled=\u00bboff\u00bb button_two_letter_spacing__hover_enabled=\u00bboff\u00bb button_bg_color__hover_enabled=\u00bboff\u00bb button_one_bg_color__hover_enabled=\u00bboff\u00bb button_two_bg_color__hover_enabled=\u00bboff\u00bb][\/et_pb_contact_field][\/et_pb_contact_form][\/et_pb_column][\/et_pb_row][et_pb_row _builder_version=\u00bb4.0.6&#8243; custom_margin=\u00bb3px|auto||auto||\u00bb][et_pb_column type=\u00bb4_4&#8243; _builder_version=\u00bb4.0.6&#8243;][et_pb_divider color=\u00bb#ffffff\u00bb _builder_version=\u00bb4.0.6&#8243; min_height=\u00bb10px\u00bb custom_padding=\u00bb||0px|||\u00bb][\/et_pb_divider][\/et_pb_column][\/et_pb_row][et_pb_row column_structure=\u00bb1_2,1_2&#8243; use_custom_gutter=\u00bbon\u00bb gutter_width=\u00bb4&#8243; _builder_version=\u00bb4.0.7&#8243; min_height=\u00bb37px\u00bb custom_margin=\u00bb-25px|120px||auto|false|false\u00bb custom_padding=\u00bb0px||0px|||\u00bb][et_pb_column type=\u00bb1_2&#8243; _builder_version=\u00bb4.0.7&#8243;][et_pb_text _builder_version=\u00bb4.0.6&#8243;]<\/p>\n<p class=\"p1\">\u00a92019 Copyright &#8211; G+F Dise\u00f1o<\/p>\n<p>[\/et_pb_text][\/et_pb_column][et_pb_column type=\u00bb1_2&#8243; _builder_version=\u00bb4.0.7&#8243; custom_padding=\u00bb|0px||69px|false|false\u00bb][et_pb_code _builder_version=\u00bb4.0.9&#8243; custom_css_main_element=\u00bbtext-align: right;\u00bb]<\/p>\n<div class=\"contenedorRedes\"><!-- [et_pb_line_break_holder] -->  <!-- [et_pb_line_break_holder] --><!-- [et_pb_line_break_holder] --><span class=\"redesSociales\"><!-- [et_pb_line_break_holder] -->  <a href=\"https:\/\/www.tripadvisor.co\/Attraction_Review-g309240-d5978695-Reviews-Costa_Rica_Green_Life_Tours-Liberia_Province_of_Guanacaste.html\" target=\"_blank\" rel=\"noopener noreferrer\"><!-- [et_pb_line_break_holder] -->  <img decoding=\"async\" src=\"http:\/\/toursgreenlife.com\/es\/wp-content\/uploads\/2019\/12\/trip-blanco.png\" alt=\"\"><!-- [et_pb_line_break_holder] -->    <\/a><!-- [et_pb_line_break_holder] --><\/span><!-- [et_pb_line_break_holder] --><!-- [et_pb_line_break_holder] --><span class=\"redesSociales\"><!-- [et_pb_line_break_holder] -->  <a href=\"https:\/\/www.facebook.com\/crtoursgreenlife\" target=\"_blank\" rel=\"noopener noreferrer\"><!-- [et_pb_line_break_holder] -->  <img decoding=\"async\" src=\"http:\/\/toursgreenlife.com\/es\/wp-content\/uploads\/2019\/12\/face-blanco.png\" alt=\"\"><!-- [et_pb_line_break_holder] -->  <\/a><!-- [et_pb_line_break_holder] --><\/span><!-- [et_pb_line_break_holder] --><span class=\"redesSociales\"><!-- [et_pb_line_break_holder] -->  <a href=\"https:\/\/www.instagram.com\/crgreenlifetours\" target=\"_blank\" rel=\"noopener noreferrer\"><!-- [et_pb_line_break_holder] -->  <img decoding=\"async\" src=\"http:\/\/toursgreenlife.com\/es\/wp-content\/uploads\/2019\/12\/instagram-blanco.png\" alt=\"\"><!-- [et_pb_line_break_holder] -->    <\/a><!-- [et_pb_line_break_holder] --><\/span><!-- [et_pb_line_break_holder] --><span class=\"redesSociales\"><!-- [et_pb_line_break_holder] -->  <a href=\"https:\/\/www.youtube.com\/channel\/UChECMTE5nFjES1w_pjnuEPA\" target=\"_blank\" rel=\"noopener noreferrer\"><!-- [et_pb_line_break_holder] -->  <img decoding=\"async\" src=\"http:\/\/toursgreenlife.com\/es\/wp-content\/uploads\/2019\/12\/youtube-blanco.png\" alt=\"\"><!-- [et_pb_line_break_holder] -->    <\/a><!-- [et_pb_line_break_holder] --><\/span><!-- [et_pb_line_break_holder] --><\/div>\n<p><!-- [et_pb_line_break_holder] -->[\/et_pb_code][\/et_pb_column][\/et_pb_row][\/et_pb_section]<\/p>\n","protected":false},"excerpt":{"rendered":"<p>[et_pb_section fb_built=\u00bb1&#8243; fullwidth=\u00bbon\u00bb _builder_version=\u00bb4.0.7&#8243;][et_pb_fullwidth_code admin_label=\u00bbC\u00f3digo de anchura completa\u00bb _builder_version=\u00bb4.0.9&#8243; custom_margin=\u00bb0px||0px||false|false\u00bb custom_padding=\u00bb0px||0px||false|false\u00bb custom_css_main_element=\u00bbheight: 0;\u00bb global_module=\u00bb415&#8243; saved_tabs=\u00bball\u00bb] RESERVA YA. [\/et_pb_fullwidth_code][\/et_pb_section][et_pb_section fb_built=\u00bb1&#8243; _builder_version=\u00bb4.0.6&#8243; background_color=\u00bb#edeef0&#8243; custom_margin=\u00bb0px||||false|false\u00bb border_color_top=\u00bb#ffffff\u00bb][et_pb_row _builder_version=\u00bb4.0.6&#8243; custom_margin=\u00bb|auto|50px|auto|false|false\u00bb][et_pb_column type=\u00bb4_4&#8243; _builder_version=\u00bb4.0.6&#8243;][et_pb_text _builder_version=\u00bb4.0.9&#8243; text_font_size=\u00bb18px\u00bb text_line_height=\u00bb1.8em\u00bb header_text_color=\u00bb#80ae1d\u00bb] TOURS [\/et_pb_text][\/et_pb_column][\/et_pb_row][et_pb_row column_structure=\u00bb1_2,1_2&#8243; _builder_version=\u00bb4.0.6&#8243; custom_margin=\u00bb||-3px||false|false\u00bb][et_pb_column type=\u00bb1_2&#8243; _builder_version=\u00bb4.0.6&#8243;][et_pb_image src=\u00bbhttp:\/\/toursgreenlife.com\/es\/wp-content\/uploads\/2019\/12\/aventura-1.png\u00bb url=\u00bb@ET-DC@eyJkeW5hbWljIjp0cnVlLCJjb250ZW50IjoicG9zdF9saW5rX3VybF9wYWdlIiwic2V0dGluZ3MiOnsicG9zdF9pZCI6IjEyOCJ9fQ==@\u00bb align=\u00bbcenter\u00bb src_last_edited=\u00bboff|desktop\u00bb _builder_version=\u00bb4.0.9&#8243; _dynamic_attributes=\u00bburl\u00bb src__hover_enabled=\u00bbon|hover\u00bb src__hover=\u00bbhttp:\/\/toursgreenlife.com\/es\/wp-content\/uploads\/2019\/12\/aventura-hover-1.png\u00bb][\/et_pb_image][et_pb_text _builder_version=\u00bb4.0.7&#8243; header_font=\u00bbRaleway||||||||\u00bb] TOURS DE AVENTURA [\/et_pb_text][et_pb_text _builder_version=\u00bb4.0.9&#8243; text_font=\u00bbRaleway||||||||\u00bb header_font=\u00bbRaleway||||||||\u00bb] [&hellip;]<\/p>\n","protected":false},"author":1,"featured_media":0,"parent":0,"menu_order":0,"comment_status":"closed","ping_status":"closed","template":"","meta":{"_et_pb_use_builder":"on","_et_pb_old_content":"","_et_gb_content_width":"","footnotes":""},"class_list":["post-719","page","type-page","status-publish","hentry"],"_links":{"self":[{"href":"https:\/\/toursgreenlife.com\/es\/wp-json\/wp\/v2\/pages\/719","targetHints":{"allow":["GET"]}}],"collection":[{"href":"https:\/\/toursgreenlife.com\/es\/wp-json\/wp\/v2\/pages"}],"about":[{"href":"https:\/\/toursgreenlife.com\/es\/wp-json\/wp\/v2\/types\/page"}],"author":[{"embeddable":true,"href":"https:\/\/toursgreenlife.com\/es\/wp-json\/wp\/v2\/users\/1"}],"replies":[{"embeddable":true,"href":"https:\/\/toursgreenlife.com\/es\/wp-json\/wp\/v2\/comments?post=719"}],"version-history":[{"count":7,"href":"https:\/\/toursgreenlife.com\/es\/wp-json\/wp\/v2\/pages\/719\/revisions"}],"predecessor-version":[{"id":965,"href":"https:\/\/toursgreenlife.com\/es\/wp-json\/wp\/v2\/pages\/719\/revisions\/965"}],"wp:attachment":[{"href":"https:\/\/toursgreenlife.com\/es\/wp-json\/wp\/v2\/media?parent=719"}],"curies":[{"name":"wp","href":"https:\/\/api.w.org\/{rel}","templated":true}]}}