{"id":656,"date":"2019-12-23T18:58:43","date_gmt":"2019-12-23T18:58:43","guid":{"rendered":"http:\/\/toursgreenlife.com\/es\/?page_id=656"},"modified":"2020-02-11T16:39:16","modified_gmt":"2020-02-11T16:39:16","slug":"acerca-de-nosotros","status":"publish","type":"page","link":"https:\/\/toursgreenlife.com\/es\/acerca-de-nosotros\/","title":{"rendered":"Acerca de nosotros"},"content":{"rendered":"<p>[et_pb_section fb_built=\u00bb1&#8243; fullwidth=\u00bbon\u00bb _builder_version=\u00bb4.0.6&#8243;][et_pb_fullwidth_image src=\u00bbhttp:\/\/toursgreenlife.com\/es\/wp-content\/uploads\/2019\/11\/fondo-3.png\u00bb _builder_version=\u00bb4.0.6&#8243;][\/et_pb_fullwidth_image][\/et_pb_section][et_pb_section fb_built=\u00bb1&#8243; fullwidth=\u00bbon\u00bb _builder_version=\u00bb4.0.7&#8243;][et_pb_fullwidth_code admin_label=\u00bbC\u00f3digo de anchura completa\u00bb _builder_version=\u00bb4.0.9&#8243; custom_margin=\u00bb0px||0px||false|false\u00bb custom_padding=\u00bb0px||0px||false|false\u00bb custom_css_main_element=\u00bbheight: 0;\u00bb global_module=\u00bb415&#8243; saved_tabs=\u00bball\u00bb]<\/p>\n<div class=\"barraLink\"><!-- [et_pb_line_break_holder] --> <a href=\"#about\"><!-- [et_pb_line_break_holder] --> <span class=\"negrita\">RESERVA YA.<\/span><!-- [et_pb_line_break_holder] --> <\/a><!-- [et_pb_line_break_holder] --><\/div>\n<p><!-- [et_pb_line_break_holder] -->[\/et_pb_fullwidth_code][\/et_pb_section][et_pb_section fb_built=\u00bb1&#8243; _builder_version=\u00bb4.0.6&#8243; custom_padding=\u00bb31px|||||\u00bb][et_pb_row _builder_version=\u00bb4.0.7&#8243;][et_pb_column type=\u00bb4_4&#8243; _builder_version=\u00bb4.0.6&#8243;][et_pb_text _builder_version=\u00bb4.0.7&#8243; header_font=\u00bbRaleway|900||on|||||\u00bb header_text_color=\u00bb#80ae1d\u00bb]<\/p>\n<h1 class=\"p1\" style=\"text-align: center;\"><b>ACERCA DE NOSOTROS<\/b><\/h1>\n<p>[\/et_pb_text][\/et_pb_column][\/et_pb_row][et_pb_row _builder_version=\u00bb4.0.6&#8243;][et_pb_column type=\u00bb4_4&#8243; _builder_version=\u00bb4.0.6&#8243;][et_pb_text _builder_version=\u00bb4.0.6&#8243; text_font=\u00bbRaleway||||||||\u00bb]<\/p>\n<p>Somos una empresa familiar constituida por dos personas emprendedoras que creen en el desarrollo sostenible, ecol\u00f3gico, la biodiversidad de nuestro pa\u00eds Costa Rica y el buen servicio para nuestros visitantes, contamos con una gran experiencia en la industria del turismo de alrededor de 14 a\u00f1os, por lo que deseamos implementar todos nuestros conocimientos en esta empresa llamada Costa Rica Green Life Tours. Sera un placer servirles y planear sus vacaciones en este bello pa\u00eds.<\/p>\n<p class=\"p1\">\n<p class=\"p4\">\n<p>[\/et_pb_text][\/et_pb_column][\/et_pb_row][et_pb_row column_structure=\u00bb1_2,1_2&#8243; _builder_version=\u00bb4.0.7&#8243;][et_pb_column type=\u00bb1_2&#8243; _builder_version=\u00bb4.0.7&#8243;][et_pb_text _builder_version=\u00bb4.0.7&#8243; header_font=\u00bbRaleway|600||on|||||\u00bb header_text_color=\u00bb#80ae1d\u00bb]<\/p>\n<h1 style=\"text-align: center;\">MISION<\/h1>\n<p>[\/et_pb_text][et_pb_text _builder_version=\u00bb4.0.7&#8243;]<\/p>\n<p style=\"text-align: center;\">Ser un tour operador que desarrolle sus actividades en armon\u00eda con el medio ambiente, minimizando el impacto negativo hacia este, respetando y resaltando las culturas y costumbres de los lugares que visitamos, influyendo positivamente en la econom\u00eda local y de las personas que nos rodean.<\/p>\n<p>[\/et_pb_text][\/et_pb_column][et_pb_column type=\u00bb1_2&#8243; _builder_version=\u00bb4.0.7&#8243;][et_pb_text _builder_version=\u00bb4.0.7&#8243; header_font=\u00bbRaleway|600||on|||||\u00bb header_text_color=\u00bb#80ae1d\u00bb]<\/p>\n<h1 style=\"text-align: center;\">VISION<\/h1>\n<p>[\/et_pb_text][et_pb_text _builder_version=\u00bb4.0.7&#8243;]<\/p>\n<p style=\"text-align: center;\"><span>Ser una empresa l\u00edder en el \u00e1rea de Guanacaste en servicio a nuestros visitantes, aplicando est\u00e1ndares de alta calidad, teniendo en cuenta el recurso humano como la base primordial para el crecimiento de Costa Rica Green Life Tours, mas influyendo en la responsabilidad social del pa\u00eds y desarrollo sostenible.<\/span><\/p>\n<p>[\/et_pb_text][\/et_pb_column][\/et_pb_row][et_pb_row _builder_version=\u00bb4.0.7&#8243;][et_pb_column type=\u00bb4_4&#8243; _builder_version=\u00bb4.0.7&#8243;][et_pb_image src=\u00bbhttp:\/\/toursgreenlife.com\/es\/wp-content\/uploads\/2019\/12\/Rio-celeste-11-min-1.jpg\u00bb _builder_version=\u00bb4.0.7&#8243;][\/et_pb_image][\/et_pb_column][\/et_pb_row][et_pb_row _builder_version=\u00bb4.0.7&#8243;][et_pb_column type=\u00bb4_4&#8243; _builder_version=\u00bb4.0.7&#8243;][et_pb_text _builder_version=\u00bb4.0.7&#8243; text_text_color=\u00bb#80ae1d\u00bb text_font_size=\u00bb21px\u00bb text_line_height=\u00bb1.8em\u00bb width=\u00bb70%\u00bb max_width=\u00bb70%\u00bb module_alignment=\u00bbcenter\u00bb]<\/p>\n<p style=\"text-align: center;\">Costa Rica Green Life Tours tendr\u00e1 relaciones comerciales con empresas que apliquen t\u00e9cnicas de desarrollo sostenible en sus actividades diarias, tales como hoteles, centros de actividades, de aventura, deportes acu\u00e1ticos y otros.<\/p>\n<p>[\/et_pb_text][\/et_pb_column][\/et_pb_row][\/et_pb_section][et_pb_section fb_built=\u00bb1&#8243; module_id=\u00bbbottom-formulario\u00bb _builder_version=\u00bb4.0.7&#8243; background_color=\u00bb#3a3c41&#8243; custom_padding=\u00bb||17px|||\u00bb global_module=\u00bb75&#8243; saved_tabs=\u00bball\u00bb][et_pb_row column_structure=\u00bb1_2,1_2&#8243; use_custom_gutter=\u00bbon\u00bb _builder_version=\u00bb4.0.6&#8243; width=\u00bb78%\u00bb custom_margin=\u00bb||||false|false\u00bb][et_pb_column type=\u00bb1_2&#8243; _builder_version=\u00bb4.0.6&#8243;][et_pb_text _builder_version=\u00bb4.0.7&#8243; header_font=\u00bbRaleway|700|||||||\u00bb header_font_size=\u00bb42px\u00bb custom_margin=\u00bb||0px||false|false\u00bb]<\/p>\n<h1 class=\"p1\"><span style=\"color: #ffffff;\">Contactanos<\/span><\/h1>\n<p>[\/et_pb_text][et_pb_text _builder_version=\u00bb4.0.6&#8243; text_font=\u00bbRaleway||||||||\u00bb text_text_color=\u00bb#ffffff\u00bb text_font_size=\u00bb21px\u00bb]<\/p>\n<p>Si desea m\u00e1s informaci\u00f3n, complete este formulario.<br \/>Lo contactaremos lo antes posible.<br \/>Por favor complete todos los campos requeridos.<\/p>\n<p>[\/et_pb_text][et_pb_text _builder_version=\u00bb4.0.7&#8243; header_font=\u00bbRaleway|700|||||||\u00bb header_font_size=\u00bb42px\u00bb custom_margin=\u00bb||0px||false|false\u00bb]<\/p>\n<h1 style=\"text-align: right;\"><span style=\"color: #ffffff;\">Tel. +506 88153407<\/span><\/h1>\n<p>[\/et_pb_text][et_pb_text _builder_version=\u00bb4.0.9&#8243; header_font=\u00bbRaleway|700|||||||\u00bb header_font_size=\u00bb42px\u00bb custom_margin=\u00bb||0px||false|false\u00bb]<\/p>\n<h1 style=\"text-align: right;\"><span style=\"color: #ffffff;\">+506 83096616<\/span><\/h1>\n<p>[\/et_pb_text][\/et_pb_column][et_pb_column type=\u00bb1_2&#8243; _builder_version=\u00bb4.0.6&#8243;][et_pb_contact_form captcha=\u00bboff\u00bb _builder_version=\u00bb4.0.7&#8243; form_field_custom_padding=\u00bb8px||8px||false|false\u00bb custom_button=\u00bbon\u00bb button_text_color=\u00bb#ffffff\u00bb button_bg_color=\u00bb#80ae1d\u00bb button_border_width=\u00bb0px\u00bb][et_pb_contact_field field_id=\u00bbName\u00bb field_title=\u00bbNombre\u00bb fullwidth_field=\u00bbon\u00bb _builder_version=\u00bb4.0.6&#8243; form_field_text_color=\u00bb#727272&#8243; text_orientation=\u00bbleft\u00bb button_text_size__hover_enabled=\u00bboff\u00bb button_one_text_size__hover_enabled=\u00bboff\u00bb button_two_text_size__hover_enabled=\u00bboff\u00bb button_text_color__hover_enabled=\u00bboff\u00bb button_one_text_color__hover_enabled=\u00bboff\u00bb button_two_text_color__hover_enabled=\u00bboff\u00bb button_border_width__hover_enabled=\u00bboff\u00bb button_one_border_width__hover_enabled=\u00bboff\u00bb button_two_border_width__hover_enabled=\u00bboff\u00bb button_border_color__hover_enabled=\u00bboff\u00bb button_one_border_color__hover_enabled=\u00bboff\u00bb button_two_border_color__hover_enabled=\u00bboff\u00bb button_border_radius__hover_enabled=\u00bboff\u00bb button_one_border_radius__hover_enabled=\u00bboff\u00bb button_two_border_radius__hover_enabled=\u00bboff\u00bb button_letter_spacing__hover_enabled=\u00bboff\u00bb button_one_letter_spacing__hover_enabled=\u00bboff\u00bb button_two_letter_spacing__hover_enabled=\u00bboff\u00bb button_bg_color__hover_enabled=\u00bboff\u00bb button_one_bg_color__hover_enabled=\u00bboff\u00bb button_two_bg_color__hover_enabled=\u00bboff\u00bb][\/et_pb_contact_field][et_pb_contact_field field_id=\u00bbEmail\u00bb field_title=\u00bbDirecci\u00f3n de correo electr\u00f3nico\u00bb field_type=\u00bbemail\u00bb fullwidth_field=\u00bbon\u00bb _builder_version=\u00bb4.0.6&#8243; button_text_size__hover_enabled=\u00bboff\u00bb button_one_text_size__hover_enabled=\u00bboff\u00bb button_two_text_size__hover_enabled=\u00bboff\u00bb button_text_color__hover_enabled=\u00bboff\u00bb button_one_text_color__hover_enabled=\u00bboff\u00bb button_two_text_color__hover_enabled=\u00bboff\u00bb button_border_width__hover_enabled=\u00bboff\u00bb button_one_border_width__hover_enabled=\u00bboff\u00bb button_two_border_width__hover_enabled=\u00bboff\u00bb button_border_color__hover_enabled=\u00bboff\u00bb button_one_border_color__hover_enabled=\u00bboff\u00bb button_two_border_color__hover_enabled=\u00bboff\u00bb button_border_radius__hover_enabled=\u00bboff\u00bb button_one_border_radius__hover_enabled=\u00bboff\u00bb button_two_border_radius__hover_enabled=\u00bboff\u00bb button_letter_spacing__hover_enabled=\u00bboff\u00bb button_one_letter_spacing__hover_enabled=\u00bboff\u00bb button_two_letter_spacing__hover_enabled=\u00bboff\u00bb button_bg_color__hover_enabled=\u00bboff\u00bb button_one_bg_color__hover_enabled=\u00bboff\u00bb button_two_bg_color__hover_enabled=\u00bboff\u00bb][\/et_pb_contact_field][et_pb_contact_field field_id=\u00bbMessage\u00bb field_title=\u00bbMensaje\u00bb field_type=\u00bbtext\u00bb fullwidth_field=\u00bbon\u00bb _builder_version=\u00bb4.0.7&#8243; form_field_line_height=\u00bb1.4em\u00bb min_height=\u00bb122px\u00bb height=\u00bb124px\u00bb max_height=\u00bb121px\u00bb custom_css_after=\u00bbcontent:%22Al enviar este formulario, usted acepta nuestra pol\u00edtica de privacidad.%22;||color: #ffffff;||padding-top: 10px;\u00bb button_text_size__hover_enabled=\u00bboff\u00bb button_one_text_size__hover_enabled=\u00bboff\u00bb button_two_text_size__hover_enabled=\u00bboff\u00bb button_text_color__hover_enabled=\u00bboff\u00bb button_one_text_color__hover_enabled=\u00bboff\u00bb button_two_text_color__hover_enabled=\u00bboff\u00bb button_border_width__hover_enabled=\u00bboff\u00bb button_one_border_width__hover_enabled=\u00bboff\u00bb button_two_border_width__hover_enabled=\u00bboff\u00bb button_border_color__hover_enabled=\u00bboff\u00bb button_one_border_color__hover_enabled=\u00bboff\u00bb button_two_border_color__hover_enabled=\u00bboff\u00bb button_border_radius__hover_enabled=\u00bboff\u00bb button_one_border_radius__hover_enabled=\u00bboff\u00bb button_two_border_radius__hover_enabled=\u00bboff\u00bb button_letter_spacing__hover_enabled=\u00bboff\u00bb button_one_letter_spacing__hover_enabled=\u00bboff\u00bb button_two_letter_spacing__hover_enabled=\u00bboff\u00bb button_bg_color__hover_enabled=\u00bboff\u00bb button_one_bg_color__hover_enabled=\u00bboff\u00bb button_two_bg_color__hover_enabled=\u00bboff\u00bb][\/et_pb_contact_field][\/et_pb_contact_form][\/et_pb_column][\/et_pb_row][et_pb_row _builder_version=\u00bb4.0.6&#8243; custom_margin=\u00bb3px|auto||auto||\u00bb][et_pb_column type=\u00bb4_4&#8243; _builder_version=\u00bb4.0.6&#8243;][et_pb_divider color=\u00bb#ffffff\u00bb _builder_version=\u00bb4.0.6&#8243; min_height=\u00bb10px\u00bb custom_padding=\u00bb||0px|||\u00bb][\/et_pb_divider][\/et_pb_column][\/et_pb_row][et_pb_row column_structure=\u00bb1_2,1_2&#8243; use_custom_gutter=\u00bbon\u00bb gutter_width=\u00bb4&#8243; _builder_version=\u00bb4.0.7&#8243; min_height=\u00bb37px\u00bb custom_margin=\u00bb-25px|120px||auto|false|false\u00bb custom_padding=\u00bb0px||0px|||\u00bb][et_pb_column type=\u00bb1_2&#8243; _builder_version=\u00bb4.0.7&#8243;][et_pb_text _builder_version=\u00bb4.0.6&#8243;]<\/p>\n<p class=\"p1\">\u00a92019 Copyright &#8211; G+F Dise\u00f1o<\/p>\n<p>[\/et_pb_text][\/et_pb_column][et_pb_column type=\u00bb1_2&#8243; _builder_version=\u00bb4.0.7&#8243; custom_padding=\u00bb|0px||69px|false|false\u00bb][et_pb_code _builder_version=\u00bb4.0.9&#8243; custom_css_main_element=\u00bbtext-align: right;\u00bb]<\/p>\n<div class=\"contenedorRedes\"><!-- [et_pb_line_break_holder] -->  <!-- [et_pb_line_break_holder] --><!-- [et_pb_line_break_holder] --><span class=\"redesSociales\"><!-- [et_pb_line_break_holder] -->  <a href=\"https:\/\/www.tripadvisor.co\/Attraction_Review-g309240-d5978695-Reviews-Costa_Rica_Green_Life_Tours-Liberia_Province_of_Guanacaste.html\" target=\"_blank\" rel=\"noopener noreferrer\"><!-- [et_pb_line_break_holder] -->  <img decoding=\"async\" src=\"http:\/\/toursgreenlife.com\/es\/wp-content\/uploads\/2019\/12\/trip-blanco.png\" alt=\"\"><!-- [et_pb_line_break_holder] -->    <\/a><!-- [et_pb_line_break_holder] --><\/span><!-- [et_pb_line_break_holder] --><!-- [et_pb_line_break_holder] --><span class=\"redesSociales\"><!-- [et_pb_line_break_holder] -->  <a href=\"https:\/\/www.facebook.com\/crtoursgreenlife\" target=\"_blank\" rel=\"noopener noreferrer\"><!-- [et_pb_line_break_holder] -->  <img decoding=\"async\" src=\"http:\/\/toursgreenlife.com\/es\/wp-content\/uploads\/2019\/12\/face-blanco.png\" alt=\"\"><!-- [et_pb_line_break_holder] -->  <\/a><!-- [et_pb_line_break_holder] --><\/span><!-- [et_pb_line_break_holder] --><span class=\"redesSociales\"><!-- [et_pb_line_break_holder] -->  <a href=\"https:\/\/www.instagram.com\/crgreenlifetours\" target=\"_blank\" rel=\"noopener noreferrer\"><!-- [et_pb_line_break_holder] -->  <img decoding=\"async\" src=\"http:\/\/toursgreenlife.com\/es\/wp-content\/uploads\/2019\/12\/instagram-blanco.png\" alt=\"\"><!-- [et_pb_line_break_holder] -->    <\/a><!-- [et_pb_line_break_holder] --><\/span><!-- [et_pb_line_break_holder] --><span class=\"redesSociales\"><!-- [et_pb_line_break_holder] -->  <a href=\"https:\/\/www.youtube.com\/channel\/UChECMTE5nFjES1w_pjnuEPA\" target=\"_blank\" rel=\"noopener noreferrer\"><!-- [et_pb_line_break_holder] -->  <img decoding=\"async\" src=\"http:\/\/toursgreenlife.com\/es\/wp-content\/uploads\/2019\/12\/youtube-blanco.png\" alt=\"\"><!-- [et_pb_line_break_holder] -->    <\/a><!-- [et_pb_line_break_holder] --><\/span><!-- [et_pb_line_break_holder] --><\/div>\n<p><!-- [et_pb_line_break_holder] -->[\/et_pb_code][\/et_pb_column][\/et_pb_row][\/et_pb_section]<\/p>\n","protected":false},"excerpt":{"rendered":"<p>[et_pb_section fb_built=\u00bb1&#8243; fullwidth=\u00bbon\u00bb _builder_version=\u00bb4.0.6&#8243;][et_pb_fullwidth_image src=\u00bbhttp:\/\/toursgreenlife.com\/es\/wp-content\/uploads\/2019\/11\/fondo-3.png\u00bb _builder_version=\u00bb4.0.6&#8243;][\/et_pb_fullwidth_image][\/et_pb_section][et_pb_section fb_built=\u00bb1&#8243; fullwidth=\u00bbon\u00bb _builder_version=\u00bb4.0.7&#8243;][et_pb_fullwidth_code admin_label=\u00bbC\u00f3digo de anchura completa\u00bb _builder_version=\u00bb4.0.9&#8243; custom_margin=\u00bb0px||0px||false|false\u00bb custom_padding=\u00bb0px||0px||false|false\u00bb custom_css_main_element=\u00bbheight: 0;\u00bb global_module=\u00bb415&#8243; saved_tabs=\u00bball\u00bb] RESERVA YA. [\/et_pb_fullwidth_code][\/et_pb_section][et_pb_section fb_built=\u00bb1&#8243; _builder_version=\u00bb4.0.6&#8243; custom_padding=\u00bb31px|||||\u00bb][et_pb_row _builder_version=\u00bb4.0.7&#8243;][et_pb_column type=\u00bb4_4&#8243; _builder_version=\u00bb4.0.6&#8243;][et_pb_text _builder_version=\u00bb4.0.7&#8243; header_font=\u00bbRaleway|900||on|||||\u00bb header_text_color=\u00bb#80ae1d\u00bb] ACERCA DE NOSOTROS [\/et_pb_text][\/et_pb_column][\/et_pb_row][et_pb_row _builder_version=\u00bb4.0.6&#8243;][et_pb_column type=\u00bb4_4&#8243; _builder_version=\u00bb4.0.6&#8243;][et_pb_text _builder_version=\u00bb4.0.6&#8243; text_font=\u00bbRaleway||||||||\u00bb] Somos una empresa familiar constituida por dos personas emprendedoras que creen en el desarrollo [&hellip;]<\/p>\n","protected":false},"author":1,"featured_media":0,"parent":0,"menu_order":0,"comment_status":"closed","ping_status":"closed","template":"","meta":{"_et_pb_use_builder":"on","_et_pb_old_content":"","_et_gb_content_width":"","footnotes":""},"class_list":["post-656","page","type-page","status-publish","hentry"],"_links":{"self":[{"href":"https:\/\/toursgreenlife.com\/es\/wp-json\/wp\/v2\/pages\/656","targetHints":{"allow":["GET"]}}],"collection":[{"href":"https:\/\/toursgreenlife.com\/es\/wp-json\/wp\/v2\/pages"}],"about":[{"href":"https:\/\/toursgreenlife.com\/es\/wp-json\/wp\/v2\/types\/page"}],"author":[{"embeddable":true,"href":"https:\/\/toursgreenlife.com\/es\/wp-json\/wp\/v2\/users\/1"}],"replies":[{"embeddable":true,"href":"https:\/\/toursgreenlife.com\/es\/wp-json\/wp\/v2\/comments?post=656"}],"version-history":[{"count":6,"href":"https:\/\/toursgreenlife.com\/es\/wp-json\/wp\/v2\/pages\/656\/revisions"}],"predecessor-version":[{"id":1384,"href":"https:\/\/toursgreenlife.com\/es\/wp-json\/wp\/v2\/pages\/656\/revisions\/1384"}],"wp:attachment":[{"href":"https:\/\/toursgreenlife.com\/es\/wp-json\/wp\/v2\/media?parent=656"}],"curies":[{"name":"wp","href":"https:\/\/api.w.org\/{rel}","templated":true}]}}