{"id":529,"date":"2019-12-09T19:20:05","date_gmt":"2019-12-09T19:20:05","guid":{"rendered":"http:\/\/toursgreenlife.com\/es\/?page_id=529"},"modified":"2020-02-11T17:04:59","modified_gmt":"2020-02-11T17:04:59","slug":"tours-relajamiento","status":"publish","type":"page","link":"https:\/\/toursgreenlife.com\/es\/tours-relajamiento\/","title":{"rendered":"TOURS RELAJAMIENTO"},"content":{"rendered":"<p>[et_pb_section fb_built=\u00bb1&#8243; _builder_version=\u00bb4.0.6&#8243; custom_margin=\u00bb0px||0px||false|false\u00bb custom_padding=\u00bb0px||0px||false|false\u00bb][et_pb_row _builder_version=\u00bb4.0.6&#8243; custom_margin=\u00bb-1px|auto||auto||\u00bb custom_padding=\u00bb37px|||||\u00bb][et_pb_column type=\u00bb4_4&#8243; _builder_version=\u00bb4.0.6&#8243;][et_pb_blurb title=\u00bbTours de Relajaci\u00f3n \u00bb image=\u00bbhttp:\/\/toursgreenlife.com\/es\/wp-content\/uploads\/2019\/12\/REJACION.png\u00bb icon_placement=\u00bbleft\u00bb image_max_width=\u00bb120px\u00bb content_max_width=\u00bb465px\u00bb _builder_version=\u00bb4.0.9&#8243; header_font=\u00bbRaleway|800||on|||||\u00bb header_text_align=\u00bbcenter\u00bb header_text_color=\u00bb#80ae1d\u00bb header_font_size=\u00bb32px\u00bb header_line_height=\u00bb1.5em\u00bb custom_margin=\u00bb0px||43px||false|false\u00bb][\/et_pb_blurb][et_pb_text _builder_version=\u00bb4.0.7&#8243; text_font=\u00bbRaleway||||||||\u00bb]<\/p>\n<p style=\"text-align: center;\"><span is=\"qowt-word-run\" class=\"qowt-font1-Calibri\" qowt-eid=\"E594\" id=\"E594\">Si usted est\u00e1 buscando algo m\u00e1s relajante le ofrecemos el tour privado ideal. No mucho pensar, no mucho caminar, s\u00f3lo momentos de relax haciendo sus actividades favoritas. Hay muchas maneras de experimentar y disfrutar de las bellezas de Costa Rica; tomar un ba\u00f1o de barro y relajarse en aguas termales volc\u00e1nicas, tomar un tratamiento de spa, practicar la pesca deportiva o simplemente pescar en nuestras costas, pasar el d\u00eda con una gran variedad de actividades mientras disfruta de un catamar\u00e1n, ver delfines, tortugas o <\/span><span is=\"qowt-word-run\" qowt-eid=\"E596\" id=\"E596\" class=\"qowt-font1-Calibri\">practicar<\/span><span is=\"qowt-word-run\" qowt-eid=\"E597\" id=\"E597\" class=\"qowt-font1-Calibri\"> <\/span><span is=\"qowt-word-run\" qowt-eid=\"E599\" id=\"E599\" class=\"qowt-font1-Calibri\">snorkeling<\/span><span is=\"qowt-word-run\" qowt-eid=\"E601\" id=\"E601\" class=\"qowt-font1-Calibri\">.<\/span><\/p>\n<p>[\/et_pb_text][\/et_pb_column][\/et_pb_row][\/et_pb_section][et_pb_section fb_built=\u00bb1&#8243; fullwidth=\u00bbon\u00bb _builder_version=\u00bb4.0.7&#8243;][et_pb_fullwidth_code admin_label=\u00bbC\u00f3digo de anchura completa\u00bb _builder_version=\u00bb4.0.9&#8243; custom_margin=\u00bb0px||0px||false|false\u00bb custom_padding=\u00bb0px||0px||false|false\u00bb custom_css_main_element=\u00bbheight: 0;\u00bb global_module=\u00bb415&#8243; saved_tabs=\u00bball\u00bb]<\/p>\n<div class=\"barraLink\"><!-- [et_pb_line_break_holder] --> <a href=\"#about\"><!-- [et_pb_line_break_holder] --> <span class=\"negrita\">RESERVA YA.<\/span><!-- [et_pb_line_break_holder] --> <\/a><!-- [et_pb_line_break_holder] --><\/div>\n<p><!-- [et_pb_line_break_holder] -->[\/et_pb_fullwidth_code][\/et_pb_section][et_pb_section fb_built=\u00bb1&#8243; _builder_version=\u00bb4.0.6&#8243; background_color=\u00bb#edeef0&#8243;][et_pb_row column_structure=\u00bb1_3,1_3,1_3&#8243; _builder_version=\u00bb4.0.6&#8243; width=\u00bb94%\u00bb][et_pb_column type=\u00bb1_3&#8243; _builder_version=\u00bb4.0.6&#8243; background_color=\u00bb#ffffff\u00bb][et_pb_image src=\u00bbhttp:\/\/toursgreenlife.com\/es\/wp-content\/uploads\/2020\/02\/Rio-Perdido-Spa-3-2.jpg\u00bb align=\u00bbcenter\u00bb force_fullwidth=\u00bbon\u00bb _builder_version=\u00bb4.3.2&#8243; custom_margin=\u00bb||0px||false|false\u00bb][\/et_pb_image][et_pb_text _builder_version=\u00bb4.3.2&#8243; background_color=\u00bb#322b2a\u00bb custom_margin=\u00bb0px||0px||false|false\u00bb custom_padding=\u00bb8px|15px|8px|15px|true|true\u00bb]<span style=\"color: #ffffff;\"><strong>Spa Rejuvenece y refresca en Rio Perdido Thermal Spa<\/strong><\/span>[\/et_pb_text][et_pb_text _builder_version=\u00bb4.0.6&#8243; background_color=\u00bb#322b2a\u00bb custom_margin=\u00bb0px||0px||false|false\u00bb custom_padding=\u00bb0px|15px|14px|15px|false|true\u00bb]<\/p>\n<p style=\"text-align: right;\"><span><b>aprox 2 horas \u00a0 \u00a0<\/b><img loading=\"lazy\" decoding=\"async\" src=\"http:\/\/toursgreenlife.com\/es\/wp-content\/uploads\/2019\/12\/relog.png\" width=\"27\" height=\"27\" alt=\"\" class=\"wp-image-151 alignnone size-full\" style=\"float: right;\" \/><\/span><\/p>\n<p>[\/et_pb_text][et_pb_text _builder_version=\u00bb4.0.9&#8243; text_line_height=\u00bb1em\u00bb custom_margin=\u00bb||4px|||\u00bb custom_padding=\u00bb12px|16px||16px|false|true\u00bb]<\/p>\n<p><strong>$228 minimo 2 m\u00e1ximo 2<\/strong><\/p>\n<p><strong>$205 minimo 3 m\u00e1ximo 10<\/strong><\/p>\n<p>[\/et_pb_text][et_pb_text _builder_version=\u00bb4.0.9&#8243; text_font=\u00bbRaleway||||||||\u00bb text_font_size=\u00bb10px\u00bb text_line_height=\u00bb1.2em\u00bb custom_margin=\u00bb||4px|||\u00bb custom_padding=\u00bb12px|16px||16px|false|true\u00bb locked=\u00bboff\u00bb]<\/p>\n<p><strong>Ni\u00f1os de 6 a 9 a\u00f1os Deben ir acompa\u00f1ados por 2 adultos<\/strong><\/p>\n<p>[\/et_pb_text][et_pb_text _builder_version=\u00bb4.3.2&#8243; custom_margin=\u00bb||4px|||\u00bb custom_padding=\u00bb12px|16px||16px|false|true\u00bb]<\/p>\n<p>Cierra los ojos y deja que tu mente y tu cuerpo est\u00e9n callados. Conc\u00e9ntrate en c\u00f3mo te sientes. Respira profundamente y deja que la tensi\u00f3n se escape cada respiraci\u00f3n. Esta vez es para ti!<\/p>\n<p>[\/et_pb_text][et_pb_button button_url=\u00bb@ET-DC@eyJkeW5hbWljIjp0cnVlLCJjb250ZW50IjoicG9zdF9saW5rX3VybF9wYWdlIiwic2V0dGluZ3MiOnsicG9zdF9pZCI6IjEzMzgifX0=@\u00bb button_text=\u00bbleer mas\u00bb button_alignment=\u00bbright\u00bb _builder_version=\u00bb4.3.2&#8243; _dynamic_attributes=\u00bbbutton_url\u00bb custom_button=\u00bbon\u00bb button_text_color=\u00bb#80ae1d\u00bb button_border_width=\u00bb0px\u00bb][\/et_pb_button][\/et_pb_column][et_pb_column type=\u00bb1_3&#8243; _builder_version=\u00bb4.0.6&#8243; background_color=\u00bb#ffffff\u00bb][et_pb_image src=\u00bbhttp:\/\/toursgreenlife.com\/es\/wp-content\/uploads\/2020\/02\/Borinquen-Spa-2-1.jpg\u00bb align=\u00bbcenter\u00bb force_fullwidth=\u00bbon\u00bb _builder_version=\u00bb4.3.2&#8243; custom_margin=\u00bb||0px||false|false\u00bb][\/et_pb_image][et_pb_text _builder_version=\u00bb4.3.2&#8243; background_color=\u00bb#322b2a\u00bb custom_margin=\u00bb0px||0px||false|false\u00bb custom_padding=\u00bb8px|15px|8px|15px|true|true\u00bb]<span color=\"#ffffff\" style=\"color: #ffffff;\"><b>SPA Y BA\u00d1O CON BARRO VOLCANICO EN EL VOLCAN RINCON DE LA VIEJA<\/b><\/span>[\/et_pb_text][et_pb_text _builder_version=\u00bb4.0.6&#8243; background_color=\u00bb#322b2a\u00bb custom_margin=\u00bb0px||0px||false|false\u00bb custom_padding=\u00bb0px|15px|14px|15px|false|true\u00bb]<\/p>\n<p style=\"text-align: right;\"><span><b>aprox 2 horas \u00a0 \u00a0<\/b><img loading=\"lazy\" decoding=\"async\" src=\"http:\/\/toursgreenlife.com\/es\/wp-content\/uploads\/2019\/12\/relog.png\" width=\"27\" height=\"27\" alt=\"\" class=\"wp-image-151 alignnone size-full\" style=\"float: right;\" \/><\/span><\/p>\n<p>[\/et_pb_text][et_pb_text _builder_version=\u00bb4.0.9&#8243; text_line_height=\u00bb1em\u00bb custom_margin=\u00bb||4px|||\u00bb custom_padding=\u00bb12px|16px||16px|false|true\u00bb hover_enabled=\u00bb0&#8243;]<\/p>\n<p><strong>$218 minimo 2 m\u00e1ximo 2<\/strong><\/p>\n<p><strong>$195 minimo 3 m\u00e1ximo 10<\/strong><\/p>\n<p>[\/et_pb_text][et_pb_text _builder_version=\u00bb4.0.9&#8243; text_font=\u00bbRaleway||||||||\u00bb text_font_size=\u00bb10px\u00bb text_line_height=\u00bb1.2em\u00bb custom_margin=\u00bb||4px|||\u00bb custom_padding=\u00bb12px|16px||16px|false|true\u00bb locked=\u00bboff\u00bb]<\/p>\n<p><strong>Ni\u00f1os de 6 a 9 a\u00f1os Deben ir acompa\u00f1ados por 2 adultos<\/strong><\/p>\n<p>[\/et_pb_text][et_pb_text _builder_version=\u00bb4.3.2&#8243; custom_margin=\u00bb||4px|||\u00bb custom_padding=\u00bb12px|16px||16px|false|true\u00bb]<\/p>\n<p>Enci\u00e9rrense rodeados de naturaleza bajo la cubierta de los \u00e1rboles y los relajantes sonidos del r\u00edo que pasa justo debajo del spa. Imagine el para\u00edso para dos y disfrute de un tratamiento rom\u00e1ntico con su pareja.<\/p>\n<p>[\/et_pb_text][et_pb_button button_url=\u00bb@ET-DC@eyJkeW5hbWljIjp0cnVlLCJjb250ZW50IjoicG9zdF9saW5rX3VybF9wYWdlIiwic2V0dGluZ3MiOnsicG9zdF9pZCI6IjEzMjkifX0=@\u00bb button_text=\u00bbleer mas\u00bb button_alignment=\u00bbright\u00bb _builder_version=\u00bb4.3.2&#8243; _dynamic_attributes=\u00bbbutton_url\u00bb custom_button=\u00bbon\u00bb button_text_color=\u00bb#80ae1d\u00bb button_border_width=\u00bb0px\u00bb][\/et_pb_button][\/et_pb_column][et_pb_column type=\u00bb1_3&#8243; _builder_version=\u00bb4.0.6&#8243; background_color=\u00bb#ffffff\u00bb][et_pb_image src=\u00bbhttp:\/\/toursgreenlife.com\/es\/wp-content\/uploads\/2020\/02\/Costa-Rica-Yellowstone-2-1.jpg\u00bb align=\u00bbcenter\u00bb force_fullwidth=\u00bbon\u00bb _builder_version=\u00bb4.3.2&#8243; custom_margin=\u00bb||0px||false|false\u00bb][\/et_pb_image][et_pb_text _builder_version=\u00bb4.3.2&#8243; background_color=\u00bb#322b2a\u00bb custom_margin=\u00bb0px||0px||false|false\u00bb custom_padding=\u00bb8px|15px|8px|15px|true|true\u00bb]<\/p>\n<p><span style=\"color: #ffffff;\"><strong>Tour a las Hornillas en el Volc\u00e1n Tenorio y visita a la Catarata<\/strong><\/span><\/p>\n<p>[\/et_pb_text][et_pb_text _builder_version=\u00bb4.0.6&#8243; background_color=\u00bb#322b2a\u00bb custom_margin=\u00bb0px||0px||false|false\u00bb custom_padding=\u00bb0px|15px|14px|15px|false|true\u00bb]<\/p>\n<p style=\"text-align: right;\"><span><b>aprox 2 horas \u00a0 \u00a0<\/b><img loading=\"lazy\" decoding=\"async\" src=\"http:\/\/toursgreenlife.com\/es\/wp-content\/uploads\/2019\/12\/relog.png\" width=\"27\" height=\"27\" alt=\"\" class=\"wp-image-151 alignnone size-full\" style=\"float: right;\" \/><\/span><\/p>\n<p>[\/et_pb_text][et_pb_text _builder_version=\u00bb4.0.9&#8243; text_line_height=\u00bb1em\u00bb custom_margin=\u00bb||4px|||\u00bb custom_padding=\u00bb12px|16px||16px|false|true\u00bb]<\/p>\n<p><strong>$180 minimo 2 m\u00e1ximo 2<\/strong><\/p>\n<p><strong>$145 minimo 3 m\u00e1ximo 10<\/strong><\/p>\n<p><b>$145 ni\u00f1os<\/b><\/p>\n<p>[\/et_pb_text][et_pb_text _builder_version=\u00bb4.0.9&#8243; text_font=\u00bbRaleway||||||||\u00bb text_font_size=\u00bb10px\u00bb text_line_height=\u00bb1.2em\u00bb custom_margin=\u00bb||4px|||\u00bb custom_padding=\u00bb12px|16px||16px|false|true\u00bb locked=\u00bboff\u00bb]<\/p>\n<p><strong>Ni\u00f1os de 6 a 9 a\u00f1os Deben ir acompa\u00f1ados por 2 adultos<\/strong><\/p>\n<p>[\/et_pb_text][et_pb_text _builder_version=\u00bb4.3.2&#8243; custom_margin=\u00bb||4px|||\u00bb custom_padding=\u00bb12px|16px||16px|false|true\u00bb]<\/p>\n<p>Este es el \u00fanico lugar en Costa Rica, en las faldas del Volc\u00e1n Tenorio, donde podr\u00e1 caminar dentro de un cr\u00e1ter activo, ver y sentir el vapor escapando de sus fumarolas. Para despu\u00e9s disfrutar de la sauna<\/p>\n<p>[\/et_pb_text][et_pb_button button_url=\u00bb@ET-DC@eyJkeW5hbWljIjp0cnVlLCJjb250ZW50IjoicG9zdF9saW5rX3VybF9wYWdlIiwic2V0dGluZ3MiOnsicG9zdF9pZCI6IjEzMjAifX0=@\u00bb button_text=\u00bbleer mas\u00bb button_alignment=\u00bbright\u00bb _builder_version=\u00bb4.3.2&#8243; _dynamic_attributes=\u00bbbutton_url\u00bb custom_button=\u00bbon\u00bb button_text_color=\u00bb#80ae1d\u00bb button_border_width=\u00bb0px\u00bb][\/et_pb_button][\/et_pb_column][\/et_pb_row][\/et_pb_section][et_pb_section fb_built=\u00bb1&#8243; module_id=\u00bbbottom-formulario\u00bb _builder_version=\u00bb4.0.7&#8243; background_color=\u00bb#3a3c41&#8243; custom_padding=\u00bb||17px|||\u00bb global_module=\u00bb75&#8243; saved_tabs=\u00bball\u00bb][et_pb_row column_structure=\u00bb1_2,1_2&#8243; use_custom_gutter=\u00bbon\u00bb _builder_version=\u00bb4.0.6&#8243; width=\u00bb78%\u00bb custom_margin=\u00bb||||false|false\u00bb][et_pb_column type=\u00bb1_2&#8243; _builder_version=\u00bb4.0.6&#8243;][et_pb_text _builder_version=\u00bb4.0.7&#8243; header_font=\u00bbRaleway|700|||||||\u00bb header_font_size=\u00bb42px\u00bb custom_margin=\u00bb||0px||false|false\u00bb]<\/p>\n<h1 class=\"p1\"><span style=\"color: #ffffff;\">Contactanos<\/span><\/h1>\n<p>[\/et_pb_text][et_pb_text _builder_version=\u00bb4.0.6&#8243; text_font=\u00bbRaleway||||||||\u00bb text_text_color=\u00bb#ffffff\u00bb text_font_size=\u00bb21px\u00bb]<\/p>\n<p>Si desea m\u00e1s informaci\u00f3n, complete este formulario.<br \/>Lo contactaremos lo antes posible.<br \/>Por favor complete todos los campos requeridos.<\/p>\n<p>[\/et_pb_text][et_pb_text _builder_version=\u00bb4.0.7&#8243; header_font=\u00bbRaleway|700|||||||\u00bb header_font_size=\u00bb42px\u00bb custom_margin=\u00bb||0px||false|false\u00bb]<\/p>\n<h1 style=\"text-align: right;\"><span style=\"color: #ffffff;\">Tel. +506 88153407<\/span><\/h1>\n<p>[\/et_pb_text][et_pb_text _builder_version=\u00bb4.0.9&#8243; header_font=\u00bbRaleway|700|||||||\u00bb header_font_size=\u00bb42px\u00bb custom_margin=\u00bb||0px||false|false\u00bb]<\/p>\n<h1 style=\"text-align: right;\"><span style=\"color: #ffffff;\">+506 83096616<\/span><\/h1>\n<p>[\/et_pb_text][\/et_pb_column][et_pb_column type=\u00bb1_2&#8243; _builder_version=\u00bb4.0.6&#8243;][et_pb_contact_form captcha=\u00bboff\u00bb _builder_version=\u00bb4.0.7&#8243; form_field_custom_padding=\u00bb8px||8px||false|false\u00bb custom_button=\u00bbon\u00bb button_text_color=\u00bb#ffffff\u00bb button_bg_color=\u00bb#80ae1d\u00bb button_border_width=\u00bb0px\u00bb][et_pb_contact_field field_id=\u00bbName\u00bb field_title=\u00bbNombre\u00bb fullwidth_field=\u00bbon\u00bb _builder_version=\u00bb4.0.6&#8243; form_field_text_color=\u00bb#727272&#8243; text_orientation=\u00bbleft\u00bb button_text_size__hover_enabled=\u00bboff\u00bb button_one_text_size__hover_enabled=\u00bboff\u00bb button_two_text_size__hover_enabled=\u00bboff\u00bb button_text_color__hover_enabled=\u00bboff\u00bb button_one_text_color__hover_enabled=\u00bboff\u00bb button_two_text_color__hover_enabled=\u00bboff\u00bb button_border_width__hover_enabled=\u00bboff\u00bb button_one_border_width__hover_enabled=\u00bboff\u00bb button_two_border_width__hover_enabled=\u00bboff\u00bb button_border_color__hover_enabled=\u00bboff\u00bb button_one_border_color__hover_enabled=\u00bboff\u00bb button_two_border_color__hover_enabled=\u00bboff\u00bb button_border_radius__hover_enabled=\u00bboff\u00bb button_one_border_radius__hover_enabled=\u00bboff\u00bb button_two_border_radius__hover_enabled=\u00bboff\u00bb button_letter_spacing__hover_enabled=\u00bboff\u00bb button_one_letter_spacing__hover_enabled=\u00bboff\u00bb button_two_letter_spacing__hover_enabled=\u00bboff\u00bb button_bg_color__hover_enabled=\u00bboff\u00bb button_one_bg_color__hover_enabled=\u00bboff\u00bb button_two_bg_color__hover_enabled=\u00bboff\u00bb][\/et_pb_contact_field][et_pb_contact_field field_id=\u00bbEmail\u00bb field_title=\u00bbDirecci\u00f3n de correo electr\u00f3nico\u00bb field_type=\u00bbemail\u00bb fullwidth_field=\u00bbon\u00bb _builder_version=\u00bb4.0.6&#8243; button_text_size__hover_enabled=\u00bboff\u00bb button_one_text_size__hover_enabled=\u00bboff\u00bb button_two_text_size__hover_enabled=\u00bboff\u00bb button_text_color__hover_enabled=\u00bboff\u00bb button_one_text_color__hover_enabled=\u00bboff\u00bb button_two_text_color__hover_enabled=\u00bboff\u00bb button_border_width__hover_enabled=\u00bboff\u00bb button_one_border_width__hover_enabled=\u00bboff\u00bb button_two_border_width__hover_enabled=\u00bboff\u00bb button_border_color__hover_enabled=\u00bboff\u00bb button_one_border_color__hover_enabled=\u00bboff\u00bb button_two_border_color__hover_enabled=\u00bboff\u00bb button_border_radius__hover_enabled=\u00bboff\u00bb button_one_border_radius__hover_enabled=\u00bboff\u00bb button_two_border_radius__hover_enabled=\u00bboff\u00bb button_letter_spacing__hover_enabled=\u00bboff\u00bb button_one_letter_spacing__hover_enabled=\u00bboff\u00bb button_two_letter_spacing__hover_enabled=\u00bboff\u00bb button_bg_color__hover_enabled=\u00bboff\u00bb button_one_bg_color__hover_enabled=\u00bboff\u00bb button_two_bg_color__hover_enabled=\u00bboff\u00bb][\/et_pb_contact_field][et_pb_contact_field field_id=\u00bbMessage\u00bb field_title=\u00bbMensaje\u00bb field_type=\u00bbtext\u00bb fullwidth_field=\u00bbon\u00bb _builder_version=\u00bb4.0.7&#8243; form_field_line_height=\u00bb1.4em\u00bb min_height=\u00bb122px\u00bb height=\u00bb124px\u00bb max_height=\u00bb121px\u00bb custom_css_after=\u00bbcontent:%22Al enviar este formulario, usted acepta nuestra pol\u00edtica de privacidad.%22;||color: #ffffff;||padding-top: 10px;\u00bb button_text_size__hover_enabled=\u00bboff\u00bb button_one_text_size__hover_enabled=\u00bboff\u00bb button_two_text_size__hover_enabled=\u00bboff\u00bb button_text_color__hover_enabled=\u00bboff\u00bb button_one_text_color__hover_enabled=\u00bboff\u00bb button_two_text_color__hover_enabled=\u00bboff\u00bb button_border_width__hover_enabled=\u00bboff\u00bb button_one_border_width__hover_enabled=\u00bboff\u00bb button_two_border_width__hover_enabled=\u00bboff\u00bb button_border_color__hover_enabled=\u00bboff\u00bb button_one_border_color__hover_enabled=\u00bboff\u00bb button_two_border_color__hover_enabled=\u00bboff\u00bb button_border_radius__hover_enabled=\u00bboff\u00bb button_one_border_radius__hover_enabled=\u00bboff\u00bb button_two_border_radius__hover_enabled=\u00bboff\u00bb button_letter_spacing__hover_enabled=\u00bboff\u00bb button_one_letter_spacing__hover_enabled=\u00bboff\u00bb button_two_letter_spacing__hover_enabled=\u00bboff\u00bb button_bg_color__hover_enabled=\u00bboff\u00bb button_one_bg_color__hover_enabled=\u00bboff\u00bb button_two_bg_color__hover_enabled=\u00bboff\u00bb][\/et_pb_contact_field][\/et_pb_contact_form][\/et_pb_column][\/et_pb_row][et_pb_row _builder_version=\u00bb4.0.6&#8243; custom_margin=\u00bb3px|auto||auto||\u00bb][et_pb_column type=\u00bb4_4&#8243; _builder_version=\u00bb4.0.6&#8243;][et_pb_divider color=\u00bb#ffffff\u00bb _builder_version=\u00bb4.0.6&#8243; min_height=\u00bb10px\u00bb custom_padding=\u00bb||0px|||\u00bb][\/et_pb_divider][\/et_pb_column][\/et_pb_row][et_pb_row column_structure=\u00bb1_2,1_2&#8243; use_custom_gutter=\u00bbon\u00bb gutter_width=\u00bb4&#8243; _builder_version=\u00bb4.0.7&#8243; min_height=\u00bb37px\u00bb custom_margin=\u00bb-25px|120px||auto|false|false\u00bb custom_padding=\u00bb0px||0px|||\u00bb][et_pb_column type=\u00bb1_2&#8243; _builder_version=\u00bb4.0.7&#8243;][et_pb_text _builder_version=\u00bb4.0.6&#8243;]<\/p>\n<p class=\"p1\">\u00a92019 Copyright &#8211; G+F Dise\u00f1o<\/p>\n<p>[\/et_pb_text][\/et_pb_column][et_pb_column type=\u00bb1_2&#8243; _builder_version=\u00bb4.0.7&#8243; custom_padding=\u00bb|0px||69px|false|false\u00bb][et_pb_code _builder_version=\u00bb4.0.9&#8243; custom_css_main_element=\u00bbtext-align: right;\u00bb]<\/p>\n<div class=\"contenedorRedes\"><!-- [et_pb_line_break_holder] -->  <!-- [et_pb_line_break_holder] --><!-- [et_pb_line_break_holder] --><span class=\"redesSociales\"><!-- [et_pb_line_break_holder] -->  <a href=\"https:\/\/www.tripadvisor.co\/Attraction_Review-g309240-d5978695-Reviews-Costa_Rica_Green_Life_Tours-Liberia_Province_of_Guanacaste.html\" target=\"_blank\" rel=\"noopener noreferrer\"><!-- [et_pb_line_break_holder] -->  <img decoding=\"async\" src=\"http:\/\/toursgreenlife.com\/es\/wp-content\/uploads\/2019\/12\/trip-blanco.png\" alt=\"\"><!-- [et_pb_line_break_holder] -->    <\/a><!-- [et_pb_line_break_holder] --><\/span><!-- [et_pb_line_break_holder] --><!-- [et_pb_line_break_holder] --><span class=\"redesSociales\"><!-- [et_pb_line_break_holder] -->  <a href=\"https:\/\/www.facebook.com\/crtoursgreenlife\" target=\"_blank\" rel=\"noopener noreferrer\"><!-- [et_pb_line_break_holder] -->  <img decoding=\"async\" src=\"http:\/\/toursgreenlife.com\/es\/wp-content\/uploads\/2019\/12\/face-blanco.png\" alt=\"\"><!-- [et_pb_line_break_holder] -->  <\/a><!-- [et_pb_line_break_holder] --><\/span><!-- [et_pb_line_break_holder] --><span class=\"redesSociales\"><!-- [et_pb_line_break_holder] -->  <a href=\"https:\/\/www.instagram.com\/crgreenlifetours\" target=\"_blank\" rel=\"noopener noreferrer\"><!-- [et_pb_line_break_holder] -->  <img decoding=\"async\" src=\"http:\/\/toursgreenlife.com\/es\/wp-content\/uploads\/2019\/12\/instagram-blanco.png\" alt=\"\"><!-- [et_pb_line_break_holder] -->    <\/a><!-- [et_pb_line_break_holder] --><\/span><!-- [et_pb_line_break_holder] --><span class=\"redesSociales\"><!-- [et_pb_line_break_holder] -->  <a href=\"https:\/\/www.youtube.com\/channel\/UChECMTE5nFjES1w_pjnuEPA\" target=\"_blank\" rel=\"noopener noreferrer\"><!-- [et_pb_line_break_holder] -->  <img decoding=\"async\" src=\"http:\/\/toursgreenlife.com\/es\/wp-content\/uploads\/2019\/12\/youtube-blanco.png\" alt=\"\"><!-- [et_pb_line_break_holder] -->    <\/a><!-- [et_pb_line_break_holder] --><\/span><!-- [et_pb_line_break_holder] --><\/div>\n<p><!-- [et_pb_line_break_holder] -->[\/et_pb_code][\/et_pb_column][\/et_pb_row][\/et_pb_section]<\/p>\n","protected":false},"excerpt":{"rendered":"<p>[et_pb_section fb_built=\u00bb1&#8243; _builder_version=\u00bb4.0.6&#8243; custom_margin=\u00bb0px||0px||false|false\u00bb custom_padding=\u00bb0px||0px||false|false\u00bb][et_pb_row _builder_version=\u00bb4.0.6&#8243; custom_margin=\u00bb-1px|auto||auto||\u00bb custom_padding=\u00bb37px|||||\u00bb][et_pb_column type=\u00bb4_4&#8243; _builder_version=\u00bb4.0.6&#8243;][et_pb_blurb title=\u00bbTours de Relajaci\u00f3n \u00bb image=\u00bbhttp:\/\/toursgreenlife.com\/es\/wp-content\/uploads\/2019\/12\/REJACION.png\u00bb icon_placement=\u00bbleft\u00bb image_max_width=\u00bb120px\u00bb content_max_width=\u00bb465px\u00bb _builder_version=\u00bb4.0.9&#8243; header_font=\u00bbRaleway|800||on|||||\u00bb header_text_align=\u00bbcenter\u00bb header_text_color=\u00bb#80ae1d\u00bb header_font_size=\u00bb32px\u00bb header_line_height=\u00bb1.5em\u00bb custom_margin=\u00bb0px||43px||false|false\u00bb][\/et_pb_blurb][et_pb_text _builder_version=\u00bb4.0.7&#8243; text_font=\u00bbRaleway||||||||\u00bb] Si usted est\u00e1 buscando algo m\u00e1s relajante le ofrecemos el tour privado ideal. No mucho pensar, no mucho caminar, s\u00f3lo momentos de relax haciendo sus actividades favoritas. Hay [&hellip;]<\/p>\n","protected":false},"author":1,"featured_media":0,"parent":0,"menu_order":0,"comment_status":"closed","ping_status":"closed","template":"","meta":{"_et_pb_use_builder":"on","_et_pb_old_content":"","_et_gb_content_width":"","footnotes":""},"class_list":["post-529","page","type-page","status-publish","hentry"],"_links":{"self":[{"href":"https:\/\/toursgreenlife.com\/es\/wp-json\/wp\/v2\/pages\/529","targetHints":{"allow":["GET"]}}],"collection":[{"href":"https:\/\/toursgreenlife.com\/es\/wp-json\/wp\/v2\/pages"}],"about":[{"href":"https:\/\/toursgreenlife.com\/es\/wp-json\/wp\/v2\/types\/page"}],"author":[{"embeddable":true,"href":"https:\/\/toursgreenlife.com\/es\/wp-json\/wp\/v2\/users\/1"}],"replies":[{"embeddable":true,"href":"https:\/\/toursgreenlife.com\/es\/wp-json\/wp\/v2\/comments?post=529"}],"version-history":[{"count":10,"href":"https:\/\/toursgreenlife.com\/es\/wp-json\/wp\/v2\/pages\/529\/revisions"}],"predecessor-version":[{"id":1404,"href":"https:\/\/toursgreenlife.com\/es\/wp-json\/wp\/v2\/pages\/529\/revisions\/1404"}],"wp:attachment":[{"href":"https:\/\/toursgreenlife.com\/es\/wp-json\/wp\/v2\/media?parent=529"}],"curies":[{"name":"wp","href":"https:\/\/api.w.org\/{rel}","templated":true}]}}