{"id":1329,"date":"2020-02-11T00:41:54","date_gmt":"2020-02-11T00:41:54","guid":{"rendered":"http:\/\/toursgreenlife.com\/es\/?page_id=1329"},"modified":"2020-02-11T01:05:05","modified_gmt":"2020-02-11T01:05:05","slug":"spa-y-bano-con-barro-volcanico-en-el-volcan-rincon-de-la-vieja","status":"publish","type":"page","link":"https:\/\/toursgreenlife.com\/es\/spa-y-bano-con-barro-volcanico-en-el-volcan-rincon-de-la-vieja\/","title":{"rendered":"SPA Y BA\u00d1O CON BARRO VOLCANICO EN EL VOLCAN RINCON DE LA VIEJA"},"content":{"rendered":"<p>[et_pb_section fb_built=\u00bb1&#8243; fullwidth=\u00bbon\u00bb _builder_version=\u00bb4.0.6&#8243;][et_pb_fullwidth_image _builder_version=\u00bb4.0.6&#8243; background_image=\u00bbhttp:\/\/toursgreenlife.com\/es\/wp-content\/uploads\/2019\/12\/Monteverde-1-scaled.jpg\u00bb min_height=\u00bb197px\u00bb height=\u00bb216px\u00bb max_height=\u00bb278px\u00bb border_color_all=\u00bb#ffffff\u00bb border_width_top=\u00bb7px\u00bb border_width_bottom=\u00bb7px\u00bb][\/et_pb_fullwidth_image][et_pb_fullwidth_code admin_label=\u00bbC\u00f3digo de anchura completa\u00bb _builder_version=\u00bb4.0.9&#8243; custom_margin=\u00bb0px||0px||false|false\u00bb custom_padding=\u00bb0px||0px||false|false\u00bb custom_css_main_element=\u00bbheight: 0;\u00bb global_module=\u00bb415&#8243; saved_tabs=\u00bball\u00bb]<\/p>\n<div class=\"barraLink\"><!-- [et_pb_line_break_holder] --> <a href=\"#about\"><!-- [et_pb_line_break_holder] --> <span class=\"negrita\">RESERVA YA.<\/span><!-- [et_pb_line_break_holder] --> <\/a><!-- [et_pb_line_break_holder] --><\/div>\n<p><!-- [et_pb_line_break_holder] -->[\/et_pb_fullwidth_code][\/et_pb_section][et_pb_section fb_built=\u00bb1&#8243; _builder_version=\u00bb4.0.6&#8243;][et_pb_row _builder_version=\u00bb4.0.6&#8243;][et_pb_column type=\u00bb4_4&#8243; _builder_version=\u00bb4.0.6&#8243;][et_pb_text _builder_version=\u00bb4.3.2&#8243; header_font=\u00bbRaleway|900||on|||||\u00bb header_text_align=\u00bbcenter\u00bb header_text_color=\u00bb#80ae1d\u00bb hover_enabled=\u00bb0&#8243;]<\/p>\n<h1>SPA Y BA\u00d1O CON BARRO VOLCANICO EN EL VOLCAN RINCON DE LA VIEJA<\/h1>\n<p>[\/et_pb_text][\/et_pb_column][\/et_pb_row][et_pb_row column_structure=\u00bb3_5,2_5&#8243; _builder_version=\u00bb4.0.6&#8243;][et_pb_column type=\u00bb3_5&#8243; _builder_version=\u00bb4.0.6&#8243;][et_pb_text _builder_version=\u00bb4.3.2&#8243;]<\/p>\n<p>Masaje rom\u00e1ntico para parejas en las faldas del Volc\u00e1n Rinc\u00f3n de la Vieja<\/p>\n<p>Enci\u00e9rrense rodeados de naturaleza bajo la cubierta de los \u00e1rboles y los relajantes sonidos del r\u00edo que pasa justo debajo del spa. Imagine el para\u00edso para dos y disfrute de un tratamiento rom\u00e1ntico con su pareja.<\/p>\n<p>[\/et_pb_text][et_pb_text _builder_version=\u00bb4.3.2&#8243;]<\/p>\n<p>Un incre\u00edble entorno verde, crea un ambiente tranquilo de retrospectiva; d\u00e9jese llevar por el canto de los p\u00e1jaros y el lenguaje del r\u00edo.\u00a0 Sum\u00e9rjase en un entorno relajante y m\u00edstico. Con t\u00e9cnicas exclusivas que lo llevaran en un viaje lleno de salud y relajaci\u00f3n completa.<\/p>\n<p>[\/et_pb_text][et_pb_text _builder_version=\u00bb4.3.2&#8243;]<\/p>\n<p>Las manos curativas y los aceites arom\u00e1ticos relajan los m\u00fasculos, mejoran la circulaci\u00f3n, calman la mente y promueven una sensaci\u00f3n de bienestar. Sienta la tensi\u00f3n desbocada, hasta el punto de sentirse completamente relajado y despreocupado con las terapias de masaje que utilizan las t\u00e9cnicas m\u00e1s efectivas.\u00a0<\/p>\n<p>Enci\u00e9rrense rodeados de naturaleza bajo la cubierta de los \u00e1rboles y los relajantes sonidos del r\u00edo que pasa justo debajo del spa. Imagine el para\u00edso para dos y disfrute de un tratamiento rom\u00e1ntico con su pareja.<\/p>\n<p>Comience con un rom\u00e1ntico ba\u00f1o de ba\u00f1era con leche y miel, entonces nuestros terapeutas trabajar\u00e1n al un\u00edsono para proporcionar una experiencia inolvidable para ambos con un masaje lado a lado con aceites esenciales de vainilla y canela, agitando sensaciones placenteras y estimulando los instintos m\u00e1s b\u00e1sicos.<\/p>\n<p>Despu\u00e9s, disfrute tomando una copa de vino espumoso.<\/p>\n<p>[\/et_pb_text][et_pb_text _builder_version=\u00bb4.0.6&#8243;]<\/p>\n<h2><strong>Precio incluye.<\/strong><\/h2>\n<p>[\/et_pb_text][et_pb_text _builder_version=\u00bb4.3.2&#8243;]<\/p>\n<ul>\n<li>Sauna y ba\u00f1o con barro volc\u00e1nico<\/li>\n<li>Tratamiento en el Spa (Duraci\u00f3n: 90 minutos)<\/li>\n<li>2 botellas de agua por persona<\/li>\n<li>Transporte privado de ida y vuelta<\/li>\n<\/ul>\n<p>[\/et_pb_text][et_pb_text _builder_version=\u00bb4.0.6&#8243;]<\/p>\n<p><strong>Qu\u00e9 llevar: <\/strong>tenis, ropa c\u00f3moda, traje de ba\u00f1o, sandalias, repelente de mosquitos, bloqueador solar, ropa extra, gafas de sol, sombrero o gorra, c\u00e1mara y copia de pasaporte.<\/p>\n<p>[\/et_pb_text][et_pb_text _builder_version=\u00bb4.0.6&#8243;][\/et_pb_text][et_pb_text _builder_version=\u00bb4.0.6&#8243; text_text_color=\u00bb#a0a0a0&#8243; background_color=\u00bb#322b2a\u00bb width=\u00bb80%\u00bb max_width=\u00bb80%\u00bb module_alignment=\u00bbleft\u00bb custom_margin=\u00bb||||false\u00bb custom_padding=\u00bb16px|16px|16px|16px|true|true\u00bb]<\/p>\n<p><strong>Hora de recogida: <\/strong>7:30 a.m.<\/p>\n<p>[\/et_pb_text][\/et_pb_column][et_pb_column type=\u00bb2_5&#8243; _builder_version=\u00bb4.0.6&#8243;][et_pb_gallery gallery_ids=\u00bb1349,1350,1351,1352&#8243; fullwidth=\u00bbon\u00bb hover_icon=\u00bb%%16%%\u00bb _builder_version=\u00bb4.3.2&#8243; pagination_font=\u00bbRaleway||||||||\u00bb pagination_text_align=\u00bbcenter\u00bb custom_margin=\u00bb||105px|||\u00bb hover_enabled=\u00bb0&#8243;][\/et_pb_gallery][et_pb_image src=\u00bbhttp:\/\/toursgreenlife.com\/es\/wp-content\/uploads\/2019\/11\/sector14.png\u00bb align=\u00bbcenter\u00bb _builder_version=\u00bb4.0.6&#8243; width=\u00bb75%\u00bb max_width=\u00bb75%\u00bb][\/et_pb_image][\/et_pb_column][\/et_pb_row][\/et_pb_section][et_pb_section fb_built=\u00bb1&#8243; module_id=\u00bbbottom-formulario\u00bb _builder_version=\u00bb4.0.7&#8243; background_color=\u00bb#3a3c41&#8243; custom_padding=\u00bb||17px|||\u00bb global_module=\u00bb75&#8243; saved_tabs=\u00bball\u00bb][et_pb_row column_structure=\u00bb1_2,1_2&#8243; use_custom_gutter=\u00bbon\u00bb _builder_version=\u00bb4.0.6&#8243; width=\u00bb78%\u00bb custom_margin=\u00bb||||false|false\u00bb][et_pb_column type=\u00bb1_2&#8243; _builder_version=\u00bb4.0.6&#8243;][et_pb_text _builder_version=\u00bb4.0.7&#8243; header_font=\u00bbRaleway|700|||||||\u00bb header_font_size=\u00bb42px\u00bb custom_margin=\u00bb||0px||false|false\u00bb]<\/p>\n<h1 class=\"p1\"><span style=\"color: #ffffff;\">Contactanos<\/span><\/h1>\n<p>[\/et_pb_text][et_pb_text _builder_version=\u00bb4.0.6&#8243; text_font=\u00bbRaleway||||||||\u00bb text_text_color=\u00bb#ffffff\u00bb text_font_size=\u00bb21px\u00bb]<\/p>\n<p>Si desea m\u00e1s informaci\u00f3n, complete este formulario.<br \/>Lo contactaremos lo antes posible.<br \/>Por favor complete todos los campos requeridos.<\/p>\n<p>[\/et_pb_text][et_pb_text _builder_version=\u00bb4.0.7&#8243; header_font=\u00bbRaleway|700|||||||\u00bb header_font_size=\u00bb42px\u00bb custom_margin=\u00bb||0px||false|false\u00bb]<\/p>\n<h1 style=\"text-align: right;\"><span style=\"color: #ffffff;\">Tel. +506 88153407<\/span><\/h1>\n<p>[\/et_pb_text][et_pb_text _builder_version=\u00bb4.0.9&#8243; header_font=\u00bbRaleway|700|||||||\u00bb header_font_size=\u00bb42px\u00bb custom_margin=\u00bb||0px||false|false\u00bb]<\/p>\n<h1 style=\"text-align: right;\"><span style=\"color: #ffffff;\">+506 83096616<\/span><\/h1>\n<p>[\/et_pb_text][\/et_pb_column][et_pb_column type=\u00bb1_2&#8243; _builder_version=\u00bb4.0.6&#8243;][et_pb_contact_form captcha=\u00bboff\u00bb _builder_version=\u00bb4.0.7&#8243; form_field_custom_padding=\u00bb8px||8px||false|false\u00bb custom_button=\u00bbon\u00bb button_text_color=\u00bb#ffffff\u00bb button_bg_color=\u00bb#80ae1d\u00bb button_border_width=\u00bb0px\u00bb][et_pb_contact_field field_id=\u00bbName\u00bb field_title=\u00bbNombre\u00bb fullwidth_field=\u00bbon\u00bb _builder_version=\u00bb4.0.6&#8243; form_field_text_color=\u00bb#727272&#8243; text_orientation=\u00bbleft\u00bb button_text_size__hover_enabled=\u00bboff\u00bb button_one_text_size__hover_enabled=\u00bboff\u00bb button_two_text_size__hover_enabled=\u00bboff\u00bb button_text_color__hover_enabled=\u00bboff\u00bb button_one_text_color__hover_enabled=\u00bboff\u00bb button_two_text_color__hover_enabled=\u00bboff\u00bb button_border_width__hover_enabled=\u00bboff\u00bb button_one_border_width__hover_enabled=\u00bboff\u00bb button_two_border_width__hover_enabled=\u00bboff\u00bb button_border_color__hover_enabled=\u00bboff\u00bb button_one_border_color__hover_enabled=\u00bboff\u00bb button_two_border_color__hover_enabled=\u00bboff\u00bb button_border_radius__hover_enabled=\u00bboff\u00bb button_one_border_radius__hover_enabled=\u00bboff\u00bb button_two_border_radius__hover_enabled=\u00bboff\u00bb button_letter_spacing__hover_enabled=\u00bboff\u00bb button_one_letter_spacing__hover_enabled=\u00bboff\u00bb button_two_letter_spacing__hover_enabled=\u00bboff\u00bb button_bg_color__hover_enabled=\u00bboff\u00bb button_one_bg_color__hover_enabled=\u00bboff\u00bb button_two_bg_color__hover_enabled=\u00bboff\u00bb][\/et_pb_contact_field][et_pb_contact_field field_id=\u00bbEmail\u00bb field_title=\u00bbDirecci\u00f3n de correo electr\u00f3nico\u00bb field_type=\u00bbemail\u00bb fullwidth_field=\u00bbon\u00bb _builder_version=\u00bb4.0.6&#8243; button_text_size__hover_enabled=\u00bboff\u00bb button_one_text_size__hover_enabled=\u00bboff\u00bb button_two_text_size__hover_enabled=\u00bboff\u00bb button_text_color__hover_enabled=\u00bboff\u00bb button_one_text_color__hover_enabled=\u00bboff\u00bb button_two_text_color__hover_enabled=\u00bboff\u00bb button_border_width__hover_enabled=\u00bboff\u00bb button_one_border_width__hover_enabled=\u00bboff\u00bb button_two_border_width__hover_enabled=\u00bboff\u00bb button_border_color__hover_enabled=\u00bboff\u00bb button_one_border_color__hover_enabled=\u00bboff\u00bb button_two_border_color__hover_enabled=\u00bboff\u00bb button_border_radius__hover_enabled=\u00bboff\u00bb button_one_border_radius__hover_enabled=\u00bboff\u00bb button_two_border_radius__hover_enabled=\u00bboff\u00bb button_letter_spacing__hover_enabled=\u00bboff\u00bb button_one_letter_spacing__hover_enabled=\u00bboff\u00bb button_two_letter_spacing__hover_enabled=\u00bboff\u00bb button_bg_color__hover_enabled=\u00bboff\u00bb button_one_bg_color__hover_enabled=\u00bboff\u00bb button_two_bg_color__hover_enabled=\u00bboff\u00bb][\/et_pb_contact_field][et_pb_contact_field field_id=\u00bbMessage\u00bb field_title=\u00bbMensaje\u00bb field_type=\u00bbtext\u00bb fullwidth_field=\u00bbon\u00bb _builder_version=\u00bb4.0.7&#8243; form_field_line_height=\u00bb1.4em\u00bb min_height=\u00bb122px\u00bb height=\u00bb124px\u00bb max_height=\u00bb121px\u00bb custom_css_after=\u00bbcontent:%22Al enviar este formulario, usted acepta nuestra pol\u00edtica de privacidad.%22;||color: #ffffff;||padding-top: 10px;\u00bb button_text_size__hover_enabled=\u00bboff\u00bb button_one_text_size__hover_enabled=\u00bboff\u00bb button_two_text_size__hover_enabled=\u00bboff\u00bb button_text_color__hover_enabled=\u00bboff\u00bb button_one_text_color__hover_enabled=\u00bboff\u00bb button_two_text_color__hover_enabled=\u00bboff\u00bb button_border_width__hover_enabled=\u00bboff\u00bb button_one_border_width__hover_enabled=\u00bboff\u00bb button_two_border_width__hover_enabled=\u00bboff\u00bb button_border_color__hover_enabled=\u00bboff\u00bb button_one_border_color__hover_enabled=\u00bboff\u00bb button_two_border_color__hover_enabled=\u00bboff\u00bb button_border_radius__hover_enabled=\u00bboff\u00bb button_one_border_radius__hover_enabled=\u00bboff\u00bb button_two_border_radius__hover_enabled=\u00bboff\u00bb button_letter_spacing__hover_enabled=\u00bboff\u00bb button_one_letter_spacing__hover_enabled=\u00bboff\u00bb button_two_letter_spacing__hover_enabled=\u00bboff\u00bb button_bg_color__hover_enabled=\u00bboff\u00bb button_one_bg_color__hover_enabled=\u00bboff\u00bb button_two_bg_color__hover_enabled=\u00bboff\u00bb][\/et_pb_contact_field][\/et_pb_contact_form][\/et_pb_column][\/et_pb_row][et_pb_row _builder_version=\u00bb4.0.6&#8243; custom_margin=\u00bb3px|auto||auto||\u00bb][et_pb_column type=\u00bb4_4&#8243; _builder_version=\u00bb4.0.6&#8243;][et_pb_divider color=\u00bb#ffffff\u00bb _builder_version=\u00bb4.0.6&#8243; min_height=\u00bb10px\u00bb custom_padding=\u00bb||0px|||\u00bb][\/et_pb_divider][\/et_pb_column][\/et_pb_row][et_pb_row column_structure=\u00bb1_2,1_2&#8243; use_custom_gutter=\u00bbon\u00bb gutter_width=\u00bb4&#8243; _builder_version=\u00bb4.0.7&#8243; min_height=\u00bb37px\u00bb custom_margin=\u00bb-25px|120px||auto|false|false\u00bb custom_padding=\u00bb0px||0px|||\u00bb][et_pb_column type=\u00bb1_2&#8243; _builder_version=\u00bb4.0.7&#8243;][et_pb_text _builder_version=\u00bb4.0.6&#8243;]<\/p>\n<p class=\"p1\">\u00a92019 Copyright &#8211; G+F Dise\u00f1o<\/p>\n<p>[\/et_pb_text][\/et_pb_column][et_pb_column type=\u00bb1_2&#8243; _builder_version=\u00bb4.0.7&#8243; custom_padding=\u00bb|0px||69px|false|false\u00bb][et_pb_code _builder_version=\u00bb4.0.9&#8243; custom_css_main_element=\u00bbtext-align: right;\u00bb]<\/p>\n<div class=\"contenedorRedes\"><!-- [et_pb_line_break_holder] -->  <!-- [et_pb_line_break_holder] --><!-- [et_pb_line_break_holder] --><span class=\"redesSociales\"><!-- [et_pb_line_break_holder] -->  <a href=\"https:\/\/www.tripadvisor.co\/Attraction_Review-g309240-d5978695-Reviews-Costa_Rica_Green_Life_Tours-Liberia_Province_of_Guanacaste.html\" target=\"_blank\" rel=\"noopener noreferrer\"><!-- [et_pb_line_break_holder] -->  <img decoding=\"async\" src=\"http:\/\/toursgreenlife.com\/es\/wp-content\/uploads\/2019\/12\/trip-blanco.png\" alt=\"\"><!-- [et_pb_line_break_holder] -->    <\/a><!-- [et_pb_line_break_holder] --><\/span><!-- [et_pb_line_break_holder] --><!-- [et_pb_line_break_holder] --><span class=\"redesSociales\"><!-- [et_pb_line_break_holder] -->  <a href=\"https:\/\/www.facebook.com\/crtoursgreenlife\" target=\"_blank\" rel=\"noopener noreferrer\"><!-- [et_pb_line_break_holder] -->  <img decoding=\"async\" src=\"http:\/\/toursgreenlife.com\/es\/wp-content\/uploads\/2019\/12\/face-blanco.png\" alt=\"\"><!-- [et_pb_line_break_holder] -->  <\/a><!-- [et_pb_line_break_holder] --><\/span><!-- [et_pb_line_break_holder] --><span class=\"redesSociales\"><!-- [et_pb_line_break_holder] -->  <a href=\"https:\/\/www.instagram.com\/crgreenlifetours\" target=\"_blank\" rel=\"noopener noreferrer\"><!-- [et_pb_line_break_holder] -->  <img decoding=\"async\" src=\"http:\/\/toursgreenlife.com\/es\/wp-content\/uploads\/2019\/12\/instagram-blanco.png\" alt=\"\"><!-- [et_pb_line_break_holder] -->    <\/a><!-- [et_pb_line_break_holder] --><\/span><!-- [et_pb_line_break_holder] --><span class=\"redesSociales\"><!-- [et_pb_line_break_holder] -->  <a href=\"https:\/\/www.youtube.com\/channel\/UChECMTE5nFjES1w_pjnuEPA\" target=\"_blank\" rel=\"noopener noreferrer\"><!-- [et_pb_line_break_holder] -->  <img decoding=\"async\" src=\"http:\/\/toursgreenlife.com\/es\/wp-content\/uploads\/2019\/12\/youtube-blanco.png\" alt=\"\"><!-- [et_pb_line_break_holder] -->    <\/a><!-- [et_pb_line_break_holder] --><\/span><!-- [et_pb_line_break_holder] --><\/div>\n<p><!-- [et_pb_line_break_holder] -->[\/et_pb_code][\/et_pb_column][\/et_pb_row][\/et_pb_section]<\/p>\n","protected":false},"excerpt":{"rendered":"<p>[et_pb_section fb_built=\u00bb1&#8243; fullwidth=\u00bbon\u00bb _builder_version=\u00bb4.0.6&#8243;][et_pb_fullwidth_image _builder_version=\u00bb4.0.6&#8243; background_image=\u00bbhttp:\/\/toursgreenlife.com\/es\/wp-content\/uploads\/2019\/12\/Monteverde-1-scaled.jpg\u00bb min_height=\u00bb197px\u00bb height=\u00bb216px\u00bb max_height=\u00bb278px\u00bb border_color_all=\u00bb#ffffff\u00bb border_width_top=\u00bb7px\u00bb border_width_bottom=\u00bb7px\u00bb][\/et_pb_fullwidth_image][et_pb_fullwidth_code admin_label=\u00bbC\u00f3digo de anchura completa\u00bb _builder_version=\u00bb4.0.9&#8243; custom_margin=\u00bb0px||0px||false|false\u00bb custom_padding=\u00bb0px||0px||false|false\u00bb custom_css_main_element=\u00bbheight: 0;\u00bb global_module=\u00bb415&#8243; saved_tabs=\u00bball\u00bb] RESERVA YA. [\/et_pb_fullwidth_code][\/et_pb_section][et_pb_section fb_built=\u00bb1&#8243; _builder_version=\u00bb4.0.6&#8243;][et_pb_row _builder_version=\u00bb4.0.6&#8243;][et_pb_column type=\u00bb4_4&#8243; _builder_version=\u00bb4.0.6&#8243;][et_pb_text _builder_version=\u00bb4.3.2&#8243; header_font=\u00bbRaleway|900||on|||||\u00bb header_text_align=\u00bbcenter\u00bb header_text_color=\u00bb#80ae1d\u00bb hover_enabled=\u00bb0&#8243;] SPA Y BA\u00d1O CON BARRO VOLCANICO EN EL VOLCAN RINCON DE LA VIEJA [\/et_pb_text][\/et_pb_column][\/et_pb_row][et_pb_row column_structure=\u00bb3_5,2_5&#8243; _builder_version=\u00bb4.0.6&#8243;][et_pb_column type=\u00bb3_5&#8243; _builder_version=\u00bb4.0.6&#8243;][et_pb_text _builder_version=\u00bb4.3.2&#8243;] [&hellip;]<\/p>\n","protected":false},"author":1,"featured_media":0,"parent":0,"menu_order":0,"comment_status":"closed","ping_status":"closed","template":"","meta":{"_et_pb_use_builder":"on","_et_pb_old_content":"","_et_gb_content_width":"","footnotes":""},"class_list":["post-1329","page","type-page","status-publish","hentry"],"_links":{"self":[{"href":"https:\/\/toursgreenlife.com\/es\/wp-json\/wp\/v2\/pages\/1329","targetHints":{"allow":["GET"]}}],"collection":[{"href":"https:\/\/toursgreenlife.com\/es\/wp-json\/wp\/v2\/pages"}],"about":[{"href":"https:\/\/toursgreenlife.com\/es\/wp-json\/wp\/v2\/types\/page"}],"author":[{"embeddable":true,"href":"https:\/\/toursgreenlife.com\/es\/wp-json\/wp\/v2\/users\/1"}],"replies":[{"embeddable":true,"href":"https:\/\/toursgreenlife.com\/es\/wp-json\/wp\/v2\/comments?post=1329"}],"version-history":[{"count":5,"href":"https:\/\/toursgreenlife.com\/es\/wp-json\/wp\/v2\/pages\/1329\/revisions"}],"predecessor-version":[{"id":1355,"href":"https:\/\/toursgreenlife.com\/es\/wp-json\/wp\/v2\/pages\/1329\/revisions\/1355"}],"wp:attachment":[{"href":"https:\/\/toursgreenlife.com\/es\/wp-json\/wp\/v2\/media?parent=1329"}],"curies":[{"name":"wp","href":"https:\/\/api.w.org\/{rel}","templated":true}]}}